{"id":12,"date":"2012-01-10T22:29:13","date_gmt":"2012-01-10T21:29:13","guid":{"rendered":"http:\/\/www.varhaug-misjonshus.no\/wordpress\/?page_id=12"},"modified":"2025-02-12T19:43:05","modified_gmt":"2025-02-12T17:43:05","slug":"nms-varhaug","status":"publish","type":"page","link":"https:\/\/www.varhaug-misjonshus.no\/?page_id=12","title":{"rendered":"Om NMS Varhaug"},"content":{"rendered":"<div><a title=\"NMS - Det Norske Misonsselskap\" href=\"http:\/\/www.nms.no\" target=\"_blank\" rel=\"noopener noreferrer\"><img decoding=\"async\" loading=\"lazy\" title=\"top-background\" src=\"http:\/\/www.varhaug-misjonshus.no\/wordpress\/wp-content\/uploads\/2012\/01\/top-background.png\" alt=\"\" width=\"608\" height=\"108\" \/><\/a><\/div>\n<p style=\"text-align: center;\">NMS &#8211; Varhaug, Det Norske Misjonsselskap<br \/>\nNMS Varhaug best\u00e5r av en hoved forening (styret) og 5 foreninger.<\/p>\n<p style=\"text-align: center;\">Styret for 2025:<br \/>\nLeder: Nj\u00e5l Omland<br \/>\nSekret\u00e6r: Oline R\u00f8d<br \/>\nKristian Lima<br \/>\nGuri Skrettingland<\/p>\n<p style=\"text-align: center;\">Kasserer: Jonas Skrettingland<\/p>\n","protected":false},"excerpt":{"rendered":"<p>NMS &#8211; Varhaug, Det Norske Misjonsselskap NMS Varhaug best\u00e5r av en hoved forening (styret) og 5 foreninger. Styret for 2025: Leder: Nj\u00e5l Omland Sekret\u00e6r: Oline R\u00f8d Kristian Lima Guri Skrettingland Kasserer: Jonas Skrettingland<\/p>\n","protected":false},"author":2,"featured_media":0,"parent":15,"menu_order":5,"comment_status":"closed","ping_status":"closed","template":"","meta":[],"yoast_head":"<!-- This site is optimized with the Yoast SEO plugin v20.2.1 - https:\/\/yoast.com\/wordpress\/plugins\/seo\/ -->\n<title>Om NMS Varhaug - Varhaug Misjonshus<\/title>\n<meta name=\"robots\" content=\"index, follow, max-snippet:-1, max-image-preview:large, max-video-preview:-1\" \/>\n<link rel=\"canonical\" href=\"https:\/\/www.varhaug-misjonshus.no\/?page_id=12\" \/>\n<meta property=\"og:locale\" content=\"nb_NO\" \/>\n<meta property=\"og:type\" content=\"article\" \/>\n<meta property=\"og:title\" content=\"Om NMS Varhaug - Varhaug Misjonshus\" \/>\n<meta property=\"og:description\" content=\"NMS &#8211; Varhaug, Det Norske Misjonsselskap NMS Varhaug best\u00e5r av en hoved forening (styret) og 5 foreninger. Styret for 2025: Leder: Nj\u00e5l Omland Sekret\u00e6r: Oline R\u00f8d Kristian Lima Guri Skrettingland Kasserer: Jonas Skrettingland\" \/>\n<meta property=\"og:url\" content=\"https:\/\/www.varhaug-misjonshus.no\/?page_id=12\" \/>\n<meta property=\"og:site_name\" content=\"Varhaug Misjonshus\" \/>\n<meta property=\"article:modified_time\" content=\"2025-02-12T17:43:05+00:00\" \/>\n<meta property=\"og:image\" content=\"http:\/\/www.varhaug-misjonshus.no\/wordpress\/wp-content\/uploads\/2012\/01\/top-background.png\" \/>\n<meta name=\"twitter:card\" content=\"summary_large_image\" \/>\n<meta name=\"twitter:label1\" content=\"Ansl. lesetid\" \/>\n\t<meta name=\"twitter:data1\" content=\"1 minutt\" \/>\n<script type=\"application\/ld+json\" class=\"yoast-schema-graph\">{\"@context\":\"https:\/\/schema.org\",\"@graph\":[{\"@type\":\"WebPage\",\"@id\":\"https:\/\/www.varhaug-misjonshus.no\/?page_id=12\",\"url\":\"https:\/\/www.varhaug-misjonshus.no\/?page_id=12\",\"name\":\"Om NMS Varhaug - Varhaug Misjonshus\",\"isPartOf\":{\"@id\":\"https:\/\/www.varhaug-misjonshus.no\/#website\"},\"datePublished\":\"2012-01-10T21:29:13+00:00\",\"dateModified\":\"2025-02-12T17:43:05+00:00\",\"breadcrumb\":{\"@id\":\"https:\/\/www.varhaug-misjonshus.no\/?page_id=12#breadcrumb\"},\"inLanguage\":\"nb-NO\",\"potentialAction\":[{\"@type\":\"ReadAction\",\"target\":[\"https:\/\/www.varhaug-misjonshus.no\/?page_id=12\"]}]},{\"@type\":\"BreadcrumbList\",\"@id\":\"https:\/\/www.varhaug-misjonshus.no\/?page_id=12#breadcrumb\",\"itemListElement\":[{\"@type\":\"ListItem\",\"position\":1,\"name\":\"Hjem\",\"item\":\"https:\/\/www.varhaug-misjonshus.no\/\"},{\"@type\":\"ListItem\",\"position\":2,\"name\":\"Misjonsorganisasjoner\",\"item\":\"https:\/\/www.varhaug-misjonshus.no\/?page_id=814\"},{\"@type\":\"ListItem\",\"position\":3,\"name\":\"NMS\",\"item\":\"https:\/\/www.varhaug-misjonshus.no\/?page_id=15\"},{\"@type\":\"ListItem\",\"position\":4,\"name\":\"Om NMS Varhaug\"}]},{\"@type\":\"WebSite\",\"@id\":\"https:\/\/www.varhaug-misjonshus.no\/#website\",\"url\":\"https:\/\/www.varhaug-misjonshus.no\/\",\"name\":\"Varhaug Misjonshus\",\"description\":\"Jesus er veien, sannheten og livet\",\"publisher\":{\"@id\":\"https:\/\/www.varhaug-misjonshus.no\/#organization\"},\"potentialAction\":[{\"@type\":\"SearchAction\",\"target\":{\"@type\":\"EntryPoint\",\"urlTemplate\":\"https:\/\/www.varhaug-misjonshus.no\/?s={search_term_string}\"},\"query-input\":\"required name=search_term_string\"}],\"inLanguage\":\"nb-NO\"},{\"@type\":\"Organization\",\"@id\":\"https:\/\/www.varhaug-misjonshus.no\/#organization\",\"name\":\"Varhaug Misjonshus\",\"url\":\"https:\/\/www.varhaug-misjonshus.no\/\",\"logo\":{\"@type\":\"ImageObject\",\"inLanguage\":\"nb-NO\",\"@id\":\"https:\/\/www.varhaug-misjonshus.no\/#\/schema\/logo\/image\/\",\"url\":\"https:\/\/www.varhaug-misjonshus.no\/wordpress\/wp-content\/uploads\/2015\/10\/altertavle-misjen-2.jpg\",\"contentUrl\":\"https:\/\/www.varhaug-misjonshus.no\/wordpress\/wp-content\/uploads\/2015\/10\/altertavle-misjen-2.jpg\",\"width\":397,\"height\":384,\"caption\":\"Varhaug Misjonshus\"},\"image\":{\"@id\":\"https:\/\/www.varhaug-misjonshus.no\/#\/schema\/logo\/image\/\"}}]}<\/script>\n<!-- \/ Yoast SEO plugin. -->","yoast_head_json":{"title":"Om NMS Varhaug - Varhaug Misjonshus","robots":{"index":"index","follow":"follow","max-snippet":"max-snippet:-1","max-image-preview":"max-image-preview:large","max-video-preview":"max-video-preview:-1"},"canonical":"https:\/\/www.varhaug-misjonshus.no\/?page_id=12","og_locale":"nb_NO","og_type":"article","og_title":"Om NMS Varhaug - Varhaug Misjonshus","og_description":"NMS &#8211; Varhaug, Det Norske Misjonsselskap NMS Varhaug best\u00e5r av en hoved forening (styret) og 5 foreninger. Styret for 2025: Leder: Nj\u00e5l Omland Sekret\u00e6r: Oline R\u00f8d Kristian Lima Guri Skrettingland Kasserer: Jonas Skrettingland","og_url":"https:\/\/www.varhaug-misjonshus.no\/?page_id=12","og_site_name":"Varhaug Misjonshus","article_modified_time":"2025-02-12T17:43:05+00:00","og_image":[{"url":"http:\/\/www.varhaug-misjonshus.no\/wordpress\/wp-content\/uploads\/2012\/01\/top-background.png"}],"twitter_card":"summary_large_image","twitter_misc":{"Ansl. lesetid":"1 minutt"},"schema":{"@context":"https:\/\/schema.org","@graph":[{"@type":"WebPage","@id":"https:\/\/www.varhaug-misjonshus.no\/?page_id=12","url":"https:\/\/www.varhaug-misjonshus.no\/?page_id=12","name":"Om NMS Varhaug - Varhaug Misjonshus","isPartOf":{"@id":"https:\/\/www.varhaug-misjonshus.no\/#website"},"datePublished":"2012-01-10T21:29:13+00:00","dateModified":"2025-02-12T17:43:05+00:00","breadcrumb":{"@id":"https:\/\/www.varhaug-misjonshus.no\/?page_id=12#breadcrumb"},"inLanguage":"nb-NO","potentialAction":[{"@type":"ReadAction","target":["https:\/\/www.varhaug-misjonshus.no\/?page_id=12"]}]},{"@type":"BreadcrumbList","@id":"https:\/\/www.varhaug-misjonshus.no\/?page_id=12#breadcrumb","itemListElement":[{"@type":"ListItem","position":1,"name":"Hjem","item":"https:\/\/www.varhaug-misjonshus.no\/"},{"@type":"ListItem","position":2,"name":"Misjonsorganisasjoner","item":"https:\/\/www.varhaug-misjonshus.no\/?page_id=814"},{"@type":"ListItem","position":3,"name":"NMS","item":"https:\/\/www.varhaug-misjonshus.no\/?page_id=15"},{"@type":"ListItem","position":4,"name":"Om NMS Varhaug"}]},{"@type":"WebSite","@id":"https:\/\/www.varhaug-misjonshus.no\/#website","url":"https:\/\/www.varhaug-misjonshus.no\/","name":"Varhaug Misjonshus","description":"Jesus er veien, sannheten og livet","publisher":{"@id":"https:\/\/www.varhaug-misjonshus.no\/#organization"},"potentialAction":[{"@type":"SearchAction","target":{"@type":"EntryPoint","urlTemplate":"https:\/\/www.varhaug-misjonshus.no\/?s={search_term_string}"},"query-input":"required name=search_term_string"}],"inLanguage":"nb-NO"},{"@type":"Organization","@id":"https:\/\/www.varhaug-misjonshus.no\/#organization","name":"Varhaug Misjonshus","url":"https:\/\/www.varhaug-misjonshus.no\/","logo":{"@type":"ImageObject","inLanguage":"nb-NO","@id":"https:\/\/www.varhaug-misjonshus.no\/#\/schema\/logo\/image\/","url":"https:\/\/www.varhaug-misjonshus.no\/wordpress\/wp-content\/uploads\/2015\/10\/altertavle-misjen-2.jpg","contentUrl":"https:\/\/www.varhaug-misjonshus.no\/wordpress\/wp-content\/uploads\/2015\/10\/altertavle-misjen-2.jpg","width":397,"height":384,"caption":"Varhaug Misjonshus"},"image":{"@id":"https:\/\/www.varhaug-misjonshus.no\/#\/schema\/logo\/image\/"}}]}},"_links":{"self":[{"href":"https:\/\/www.varhaug-misjonshus.no\/index.php?rest_route=\/wp\/v2\/pages\/12"}],"collection":[{"href":"https:\/\/www.varhaug-misjonshus.no\/index.php?rest_route=\/wp\/v2\/pages"}],"about":[{"href":"https:\/\/www.varhaug-misjonshus.no\/index.php?rest_route=\/wp\/v2\/types\/page"}],"author":[{"embeddable":true,"href":"https:\/\/www.varhaug-misjonshus.no\/index.php?rest_route=\/wp\/v2\/users\/2"}],"replies":[{"embeddable":true,"href":"https:\/\/www.varhaug-misjonshus.no\/index.php?rest_route=%2Fwp%2Fv2%2Fcomments&post=12"}],"version-history":[{"count":35,"href":"https:\/\/www.varhaug-misjonshus.no\/index.php?rest_route=\/wp\/v2\/pages\/12\/revisions"}],"predecessor-version":[{"id":13395,"href":"https:\/\/www.varhaug-misjonshus.no\/index.php?rest_route=\/wp\/v2\/pages\/12\/revisions\/13395"}],"up":[{"embeddable":true,"href":"https:\/\/www.varhaug-misjonshus.no\/index.php?rest_route=\/wp\/v2\/pages\/15"}],"wp:attachment":[{"href":"https:\/\/www.varhaug-misjonshus.no\/index.php?rest_route=%2Fwp%2Fv2%2Fmedia&parent=12"}],"curies":[{"name":"wp","href":"https:\/\/api.w.org\/{rel}","templated":true}]}}