{"id":123,"date":"2012-01-15T00:26:24","date_gmt":"2012-01-14T23:26:24","guid":{"rendered":"http:\/\/www.varhaug-misjonshus.no\/wordpress\/?page_id=123"},"modified":"2019-05-11T20:10:43","modified_gmt":"2019-05-11T19:10:43","slug":"imf-varhaug","status":"publish","type":"page","link":"https:\/\/www.varhaug-misjonshus.no\/?page_id=123","title":{"rendered":"IMF"},"content":{"rendered":"<div id=\"post-2\">\n<p>&nbsp;<\/p>\n<p>Indremisjonsforbundet Varhaug er <img decoding=\"async\" loading=\"lazy\" class=\"alignright wp-image-6768 size-medium\" src=\"http:\/\/www.varhaug-misjonshus.no\/wordpress\/wp-content\/uploads\/2012\/01\/imflogo--300x169.jpg\" alt=\"\" width=\"300\" height=\"169\" srcset=\"https:\/\/www.varhaug-misjonshus.no\/wordpress\/wp-content\/uploads\/2012\/01\/imflogo--300x169.jpg 300w, https:\/\/www.varhaug-misjonshus.no\/wordpress\/wp-content\/uploads\/2012\/01\/imflogo-.jpg 768w\" sizes=\"(max-width: 300px) 100vw, 300px\" \/>en av fire eierorganisasjoner som eier Varhaug\u00a0Misjonshus. I tillegg har vi to kvinneforeninger og en mannsforening.<\/p>\n<p>Kvinneforeningene har som sitt misjonsarbeid fokus p\u00e5 misjon i Finnmark.<\/p>\n<div>\n<p>ImF Varhaug er en del av <a href=\"http:\/\/imf.no\/om-oss\/imf-i-dag\/\" target=\"_blank\" rel=\"noopener noreferrer\">Indremisjonsforbundet <\/a>i Norge og er eiere av bl.a Ognatun leirplass, og driver Bild\u00f8y Bibelskole i Bergen og KVS Lyngdal.<\/p>\n<p>ImF har f\u00f8lgjande motto; <em>med Guds ord til folket<\/em>. Den overordna strategien fram til 2020 har f\u00f8lgjande m\u00e5l;<\/p>\n<p>&#8211; medlemmene i ImF m\u00e5 gjerast medvetne p\u00e5 at vi alle skal vera misjon\u00e6rar i Noreg<br \/>\n&#8211; v\u00e5re medlemmar skal veksa og modnast som Jesu sine disiplar<br \/>\n&#8211; stimulera til aktiv formidling av kristen tru i heimen<br \/>\n&#8211; vera medmenneske og ha omsorg for kvarandre &#8211; fordi evangeliet m\u00e5 f\u00e5 hender og f\u00f8ter<\/p>\n<p>ImF Varhaug ynskjer \u00e5 st\u00f8tta opp om det kristne barne- og ungdomsarbeidet i bygda, med s\u00e6rleg vekt p\u00e5 tru i heimen. Vi vil stille oss til r\u00e5dvelde og vera kristne medvandrarar for s\u00f8kjande og nye generasjonar. Vi ynskjer \u00e5 skapa rom og fridom for dei komande generasjonane til \u00e5 definera verkty og form p\u00e5 arbeidet, slik at dei i st\u00f8rst mogleg grad kan n\u00e5 sin generasjon med evangeliet. Vi ynskjer \u00e5 skapa fleire regelmessige samlinger for heile familien &#8211; born, unge og eldre, der generasjonsfellesskapet, misjonskallet og Guds ord st\u00e5r i sentrum.<\/p>\n<p>Styret for 2019 best\u00e5r av:<\/p>\n<p style=\"text-align: left;\">Leiar: Toralf Liene\u00a0&#8211; tlf 951 69 466\u00a0 \u00a0 \u00a0 \u00a0 \u00a0 \u00a0 \u00a0 \u00a0 \u00a0 \u00a0 \u00a0 \u00a0 \u00a0 \u00a0 \u00a0 \u00a0 \u00a0 \u00a0 \u00a0 \u00a0 \u00a0 \u00a0 \u00a0 \u00a0 \u00a0 \u00a0 \u00a0 \u00a0 \u00a0 \u00a0 \u00a0 \u00a0 \u00a0 \u00a0 \u00a0 \u00a0 \u00a0 \u00a0\u00a0<em><br \/>\n<\/em>Styremedlem: Svein Jakob Nesv\u00e5g<em><br \/>\n<\/em>Sekret\u00e6r: Borgny Skretting<br \/>\nKasserar:\u00a0Gerd H\u00e5land<\/p>\n<p>Foreninger:<br \/>\nNordlys: leiar Astrid Varhaug &#8211; tlf 992 29 781<br \/>\nH\u00e5p:\u00a0\u00a0\u00a0\u00a0\u00a0\u00a0 leiar Olene Skrettingland &#8211; tlf\u00a0977 32 915<br \/>\nMannsforening:\u00a0kontaktperson Tron Stokkeland &#8211; tlf 957 04 903<\/p>\n<p>Tennpluggen: kontaktperson \u00c5ge Skrettingland &#8211; 909 39 439<\/p>\n<p>ImF Varhaug representanter i ulike\u00a0komiteer og styrer:<\/p>\n<p>Husstyret Varhaug Misjonshus:<br \/>\nTron Stokkeland<br \/>\nAstrid Varhaug<\/p>\n<p>Misjonshusbladet:<br \/>\nPer \u00c5ge Skretting &#8211; tlf 900 58 503<\/p>\n<p>SUNDAG<br \/>\nB\u00f8rge Skretting\u00a0&#8211; tlf 934 88 205<\/p>\n<p>Vi over 60<br \/>\nLars- Jan Nord- Varhaug tlf 977 67 002<br \/>\nAstrid Varhaug<\/p>\n<p>ImF Rogaland kretsstyre<br \/>\nToralf Liene &#8211; tlf 951 69 466<\/p>\n<\/div>\n<\/div>\n","protected":false},"excerpt":{"rendered":"<p>&nbsp; Indremisjonsforbundet Varhaug er en av fire eierorganisasjoner som eier Varhaug\u00a0Misjonshus. I tillegg har vi to kvinneforeninger og en mannsforening. Kvinneforeningene har som sitt misjonsarbeid fokus p\u00e5 misjon i Finnmark. ImF Varhaug er en del av Indremisjonsforbundet i Norge og &hellip; <a href=\"https:\/\/www.varhaug-misjonshus.no\/?page_id=123\">Les videre <span class=\"meta-nav\">&rarr;<\/span><\/a><\/p>\n","protected":false},"author":2,"featured_media":0,"parent":814,"menu_order":40,"comment_status":"closed","ping_status":"open","template":"","meta":[],"yoast_head":"<!-- This site is optimized with the Yoast SEO plugin v20.2.1 - https:\/\/yoast.com\/wordpress\/plugins\/seo\/ -->\n<title>IMF - Varhaug Misjonshus<\/title>\n<meta name=\"robots\" content=\"index, follow, max-snippet:-1, max-image-preview:large, max-video-preview:-1\" \/>\n<link rel=\"canonical\" href=\"https:\/\/www.varhaug-misjonshus.no\/?page_id=123\" \/>\n<meta property=\"og:locale\" content=\"nb_NO\" \/>\n<meta property=\"og:type\" content=\"article\" \/>\n<meta property=\"og:title\" content=\"IMF - Varhaug Misjonshus\" \/>\n<meta property=\"og:description\" content=\"&nbsp; Indremisjonsforbundet Varhaug er en av fire eierorganisasjoner som eier Varhaug\u00a0Misjonshus. I tillegg har vi to kvinneforeninger og en mannsforening. Kvinneforeningene har som sitt misjonsarbeid fokus p\u00e5 misjon i Finnmark. ImF Varhaug er en del av Indremisjonsforbundet i Norge og &hellip; Les videre &rarr;\" \/>\n<meta property=\"og:url\" content=\"https:\/\/www.varhaug-misjonshus.no\/?page_id=123\" \/>\n<meta property=\"og:site_name\" content=\"Varhaug Misjonshus\" \/>\n<meta property=\"article:modified_time\" content=\"2019-05-11T19:10:43+00:00\" \/>\n<meta property=\"og:image\" content=\"http:\/\/www.varhaug-misjonshus.no\/wordpress\/wp-content\/uploads\/2012\/01\/imflogo--300x169.jpg\" \/>\n<meta name=\"twitter:card\" content=\"summary_large_image\" \/>\n<meta name=\"twitter:label1\" content=\"Ansl. lesetid\" \/>\n\t<meta name=\"twitter:data1\" content=\"2 minutter\" \/>\n<script type=\"application\/ld+json\" class=\"yoast-schema-graph\">{\"@context\":\"https:\/\/schema.org\",\"@graph\":[{\"@type\":\"WebPage\",\"@id\":\"https:\/\/www.varhaug-misjonshus.no\/?page_id=123\",\"url\":\"https:\/\/www.varhaug-misjonshus.no\/?page_id=123\",\"name\":\"IMF - Varhaug Misjonshus\",\"isPartOf\":{\"@id\":\"https:\/\/www.varhaug-misjonshus.no\/#website\"},\"datePublished\":\"2012-01-14T23:26:24+00:00\",\"dateModified\":\"2019-05-11T19:10:43+00:00\",\"breadcrumb\":{\"@id\":\"https:\/\/www.varhaug-misjonshus.no\/?page_id=123#breadcrumb\"},\"inLanguage\":\"nb-NO\",\"potentialAction\":[{\"@type\":\"ReadAction\",\"target\":[\"https:\/\/www.varhaug-misjonshus.no\/?page_id=123\"]}]},{\"@type\":\"BreadcrumbList\",\"@id\":\"https:\/\/www.varhaug-misjonshus.no\/?page_id=123#breadcrumb\",\"itemListElement\":[{\"@type\":\"ListItem\",\"position\":1,\"name\":\"Hjem\",\"item\":\"https:\/\/www.varhaug-misjonshus.no\/\"},{\"@type\":\"ListItem\",\"position\":2,\"name\":\"Misjonsorganisasjoner\",\"item\":\"https:\/\/www.varhaug-misjonshus.no\/?page_id=814\"},{\"@type\":\"ListItem\",\"position\":3,\"name\":\"IMF\"}]},{\"@type\":\"WebSite\",\"@id\":\"https:\/\/www.varhaug-misjonshus.no\/#website\",\"url\":\"https:\/\/www.varhaug-misjonshus.no\/\",\"name\":\"Varhaug Misjonshus\",\"description\":\"Jesus er veien, sannheten og livet\",\"publisher\":{\"@id\":\"https:\/\/www.varhaug-misjonshus.no\/#organization\"},\"potentialAction\":[{\"@type\":\"SearchAction\",\"target\":{\"@type\":\"EntryPoint\",\"urlTemplate\":\"https:\/\/www.varhaug-misjonshus.no\/?s={search_term_string}\"},\"query-input\":\"required name=search_term_string\"}],\"inLanguage\":\"nb-NO\"},{\"@type\":\"Organization\",\"@id\":\"https:\/\/www.varhaug-misjonshus.no\/#organization\",\"name\":\"Varhaug Misjonshus\",\"url\":\"https:\/\/www.varhaug-misjonshus.no\/\",\"logo\":{\"@type\":\"ImageObject\",\"inLanguage\":\"nb-NO\",\"@id\":\"https:\/\/www.varhaug-misjonshus.no\/#\/schema\/logo\/image\/\",\"url\":\"https:\/\/www.varhaug-misjonshus.no\/wordpress\/wp-content\/uploads\/2015\/10\/altertavle-misjen-2.jpg\",\"contentUrl\":\"https:\/\/www.varhaug-misjonshus.no\/wordpress\/wp-content\/uploads\/2015\/10\/altertavle-misjen-2.jpg\",\"width\":397,\"height\":384,\"caption\":\"Varhaug Misjonshus\"},\"image\":{\"@id\":\"https:\/\/www.varhaug-misjonshus.no\/#\/schema\/logo\/image\/\"}}]}<\/script>\n<!-- \/ Yoast SEO plugin. -->","yoast_head_json":{"title":"IMF - Varhaug Misjonshus","robots":{"index":"index","follow":"follow","max-snippet":"max-snippet:-1","max-image-preview":"max-image-preview:large","max-video-preview":"max-video-preview:-1"},"canonical":"https:\/\/www.varhaug-misjonshus.no\/?page_id=123","og_locale":"nb_NO","og_type":"article","og_title":"IMF - Varhaug Misjonshus","og_description":"&nbsp; Indremisjonsforbundet Varhaug er en av fire eierorganisasjoner som eier Varhaug\u00a0Misjonshus. I tillegg har vi to kvinneforeninger og en mannsforening. Kvinneforeningene har som sitt misjonsarbeid fokus p\u00e5 misjon i Finnmark. ImF Varhaug er en del av Indremisjonsforbundet i Norge og &hellip; Les videre &rarr;","og_url":"https:\/\/www.varhaug-misjonshus.no\/?page_id=123","og_site_name":"Varhaug Misjonshus","article_modified_time":"2019-05-11T19:10:43+00:00","og_image":[{"url":"http:\/\/www.varhaug-misjonshus.no\/wordpress\/wp-content\/uploads\/2012\/01\/imflogo--300x169.jpg"}],"twitter_card":"summary_large_image","twitter_misc":{"Ansl. lesetid":"2 minutter"},"schema":{"@context":"https:\/\/schema.org","@graph":[{"@type":"WebPage","@id":"https:\/\/www.varhaug-misjonshus.no\/?page_id=123","url":"https:\/\/www.varhaug-misjonshus.no\/?page_id=123","name":"IMF - Varhaug Misjonshus","isPartOf":{"@id":"https:\/\/www.varhaug-misjonshus.no\/#website"},"datePublished":"2012-01-14T23:26:24+00:00","dateModified":"2019-05-11T19:10:43+00:00","breadcrumb":{"@id":"https:\/\/www.varhaug-misjonshus.no\/?page_id=123#breadcrumb"},"inLanguage":"nb-NO","potentialAction":[{"@type":"ReadAction","target":["https:\/\/www.varhaug-misjonshus.no\/?page_id=123"]}]},{"@type":"BreadcrumbList","@id":"https:\/\/www.varhaug-misjonshus.no\/?page_id=123#breadcrumb","itemListElement":[{"@type":"ListItem","position":1,"name":"Hjem","item":"https:\/\/www.varhaug-misjonshus.no\/"},{"@type":"ListItem","position":2,"name":"Misjonsorganisasjoner","item":"https:\/\/www.varhaug-misjonshus.no\/?page_id=814"},{"@type":"ListItem","position":3,"name":"IMF"}]},{"@type":"WebSite","@id":"https:\/\/www.varhaug-misjonshus.no\/#website","url":"https:\/\/www.varhaug-misjonshus.no\/","name":"Varhaug Misjonshus","description":"Jesus er veien, sannheten og livet","publisher":{"@id":"https:\/\/www.varhaug-misjonshus.no\/#organization"},"potentialAction":[{"@type":"SearchAction","target":{"@type":"EntryPoint","urlTemplate":"https:\/\/www.varhaug-misjonshus.no\/?s={search_term_string}"},"query-input":"required name=search_term_string"}],"inLanguage":"nb-NO"},{"@type":"Organization","@id":"https:\/\/www.varhaug-misjonshus.no\/#organization","name":"Varhaug Misjonshus","url":"https:\/\/www.varhaug-misjonshus.no\/","logo":{"@type":"ImageObject","inLanguage":"nb-NO","@id":"https:\/\/www.varhaug-misjonshus.no\/#\/schema\/logo\/image\/","url":"https:\/\/www.varhaug-misjonshus.no\/wordpress\/wp-content\/uploads\/2015\/10\/altertavle-misjen-2.jpg","contentUrl":"https:\/\/www.varhaug-misjonshus.no\/wordpress\/wp-content\/uploads\/2015\/10\/altertavle-misjen-2.jpg","width":397,"height":384,"caption":"Varhaug Misjonshus"},"image":{"@id":"https:\/\/www.varhaug-misjonshus.no\/#\/schema\/logo\/image\/"}}]}},"_links":{"self":[{"href":"https:\/\/www.varhaug-misjonshus.no\/index.php?rest_route=\/wp\/v2\/pages\/123"}],"collection":[{"href":"https:\/\/www.varhaug-misjonshus.no\/index.php?rest_route=\/wp\/v2\/pages"}],"about":[{"href":"https:\/\/www.varhaug-misjonshus.no\/index.php?rest_route=\/wp\/v2\/types\/page"}],"author":[{"embeddable":true,"href":"https:\/\/www.varhaug-misjonshus.no\/index.php?rest_route=\/wp\/v2\/users\/2"}],"replies":[{"embeddable":true,"href":"https:\/\/www.varhaug-misjonshus.no\/index.php?rest_route=%2Fwp%2Fv2%2Fcomments&post=123"}],"version-history":[{"count":70,"href":"https:\/\/www.varhaug-misjonshus.no\/index.php?rest_route=\/wp\/v2\/pages\/123\/revisions"}],"predecessor-version":[{"id":7685,"href":"https:\/\/www.varhaug-misjonshus.no\/index.php?rest_route=\/wp\/v2\/pages\/123\/revisions\/7685"}],"up":[{"embeddable":true,"href":"https:\/\/www.varhaug-misjonshus.no\/index.php?rest_route=\/wp\/v2\/pages\/814"}],"wp:attachment":[{"href":"https:\/\/www.varhaug-misjonshus.no\/index.php?rest_route=%2Fwp%2Fv2%2Fmedia&parent=123"}],"curies":[{"name":"wp","href":"https:\/\/api.w.org\/{rel}","templated":true}]}}