{"id":1257,"date":"2012-08-27T21:04:48","date_gmt":"2012-08-27T20:04:48","guid":{"rendered":"http:\/\/www.varhaug-misjonshus.no\/wordpress\/?page_id=1257"},"modified":"2025-12-12T12:03:57","modified_gmt":"2025-12-12T10:03:57","slug":"humlebolet","status":"publish","type":"page","link":"https:\/\/www.varhaug-misjonshus.no\/?page_id=1257","title":{"rendered":"Homleb\u00f8le"},"content":{"rendered":"<p><span style=\"color: #000000;\"><a href=\"https:\/\/www.varhaug-misjonshus.no\/wordpress\/wp-content\/uploads\/2025\/09\/HOMLEBOLET-info-scaled.jpg\"><img decoding=\"async\" loading=\"lazy\" class=\"size-full wp-image-14062 aligncenter\" src=\"https:\/\/www.varhaug-misjonshus.no\/wordpress\/wp-content\/uploads\/2025\/09\/HOMLEBOLET-info-scaled.jpg\" alt=\"\" width=\"2560\" height=\"1810\" srcset=\"https:\/\/www.varhaug-misjonshus.no\/wordpress\/wp-content\/uploads\/2025\/09\/HOMLEBOLET-info-scaled.jpg 2560w, https:\/\/www.varhaug-misjonshus.no\/wordpress\/wp-content\/uploads\/2025\/09\/HOMLEBOLET-info-300x212.jpg 300w, https:\/\/www.varhaug-misjonshus.no\/wordpress\/wp-content\/uploads\/2025\/09\/HOMLEBOLET-info-1024x724.jpg 1024w, https:\/\/www.varhaug-misjonshus.no\/wordpress\/wp-content\/uploads\/2025\/09\/HOMLEBOLET-info-768x543.jpg 768w, https:\/\/www.varhaug-misjonshus.no\/wordpress\/wp-content\/uploads\/2025\/09\/HOMLEBOLET-info-1536x1086.jpg 1536w, https:\/\/www.varhaug-misjonshus.no\/wordpress\/wp-content\/uploads\/2025\/09\/HOMLEBOLET-info-2048x1448.jpg 2048w\" sizes=\"(max-width: 2560px) 100vw, 2560px\" \/><\/a>Homleb\u00f8le er eit foreldre\/barn treff som arrangeres p\u00e5 tysdagar p\u00e5 misjonshuset. Vi vil fylgja skuleruta (dvs. ikkje Humlab\u00f8le i skuleferiar)<\/span><\/p>\n<p><span style=\"color: #000000;\">Ein kjekk stad \u00e5 m\u00f8tast og \u00e5 verta kjent med nye. Ta turen innom du ogs\u00e5!!<\/span><\/p>\n<p style=\"text-align: left;\"><strong>Hausten 2025<\/strong><br \/>\n16. desember &#8211; Juleavslutning &#8211; Nissegr\u00f8t<br \/>\n<strong>JULEFERIE<\/strong><\/p>\n<p><strong>Hausten 2025<\/strong><br \/>\n16. desember &#8211; Juleavslutning &#8211; Nissegr\u00f8t<br \/>\nJULEFERIE<\/p>\n<p><strong>V\u00e5ren 2026<br \/>\n<\/strong>06. januar<br \/>\n13. januar<br \/>\n20. januar<br \/>\n27. januar<br \/>\n03. februar &#8211; Karneval<br \/>\n10. februar<br \/>\n17. februar<br \/>\nVINTERFERIE<br \/>\n03. mars<br \/>\n10. mars<br \/>\n17. mars<br \/>\n24. mars &#8211; P\u00e5skesamling<br \/>\nP\u00c5SKEFERIE<br \/>\n07. april<br \/>\n14. april<br \/>\n21. april<br \/>\n28. april<br \/>\n05. mai<br \/>\n12. mai (Vaske leker?)<br \/>\n19. mai<br \/>\n26. mai<br \/>\n02. juni<br \/>\n09. juni &#8211; Sommeravslutning<br \/>\n16. juni<\/p>\n<p><a href=\"https:\/\/www.facebook.com\/profile.php?id=100067096306733\" target=\"_blank\" rel=\"noopener\">Lik Homleb\u00f8le p\u00e5 facebook<\/a>,\u00a0 der kjem aktuell informasjon fortl\u00f8pande.<\/p>\n<p><strong>Kontaktperson:<\/strong><\/p>\n<p>Kjellaug R\u00f8yn\u00e5s: 92 23 38 40<\/p>\n<p>&nbsp;<\/p>\n","protected":false},"excerpt":{"rendered":"<p>Homleb\u00f8le er eit foreldre\/barn treff som arrangeres p\u00e5 tysdagar p\u00e5 misjonshuset. Vi vil fylgja skuleruta (dvs. ikkje Humlab\u00f8le i skuleferiar) Ein kjekk stad \u00e5 m\u00f8tast og \u00e5 verta kjent med nye. Ta turen innom du ogs\u00e5!! Hausten 2025 16. desember &hellip; <a href=\"https:\/\/www.varhaug-misjonshus.no\/?page_id=1257\">Les videre <span class=\"meta-nav\">&rarr;<\/span><\/a><\/p>\n","protected":false},"author":3,"featured_media":0,"parent":211,"menu_order":2,"comment_status":"closed","ping_status":"open","template":"","meta":[],"yoast_head":"<!-- This site is optimized with the Yoast SEO plugin v20.2.1 - https:\/\/yoast.com\/wordpress\/plugins\/seo\/ -->\n<title>Homleb\u00f8le - Varhaug Misjonshus<\/title>\n<meta name=\"robots\" content=\"index, follow, max-snippet:-1, max-image-preview:large, max-video-preview:-1\" \/>\n<link rel=\"canonical\" href=\"https:\/\/www.varhaug-misjonshus.no\/?page_id=1257\" \/>\n<meta property=\"og:locale\" content=\"nb_NO\" \/>\n<meta property=\"og:type\" content=\"article\" \/>\n<meta property=\"og:title\" content=\"Homleb\u00f8le - Varhaug Misjonshus\" \/>\n<meta property=\"og:description\" content=\"Homleb\u00f8le er eit foreldre\/barn treff som arrangeres p\u00e5 tysdagar p\u00e5 misjonshuset. Vi vil fylgja skuleruta (dvs. ikkje Humlab\u00f8le i skuleferiar) Ein kjekk stad \u00e5 m\u00f8tast og \u00e5 verta kjent med nye. Ta turen innom du ogs\u00e5!! Hausten 2025 16. desember &hellip; Les videre &rarr;\" \/>\n<meta property=\"og:url\" content=\"https:\/\/www.varhaug-misjonshus.no\/?page_id=1257\" \/>\n<meta property=\"og:site_name\" content=\"Varhaug Misjonshus\" \/>\n<meta property=\"article:modified_time\" content=\"2025-12-12T10:03:57+00:00\" \/>\n<meta property=\"og:image\" content=\"https:\/\/www.varhaug-misjonshus.no\/wordpress\/wp-content\/uploads\/2025\/09\/HOMLEBOLET-info-scaled.jpg\" \/>\n<meta name=\"twitter:card\" content=\"summary_large_image\" \/>\n<meta name=\"twitter:label1\" content=\"Ansl. lesetid\" \/>\n\t<meta name=\"twitter:data1\" content=\"1 minutt\" \/>\n<script type=\"application\/ld+json\" class=\"yoast-schema-graph\">{\"@context\":\"https:\/\/schema.org\",\"@graph\":[{\"@type\":\"WebPage\",\"@id\":\"https:\/\/www.varhaug-misjonshus.no\/?page_id=1257\",\"url\":\"https:\/\/www.varhaug-misjonshus.no\/?page_id=1257\",\"name\":\"Homleb\u00f8le - Varhaug Misjonshus\",\"isPartOf\":{\"@id\":\"https:\/\/www.varhaug-misjonshus.no\/#website\"},\"datePublished\":\"2012-08-27T20:04:48+00:00\",\"dateModified\":\"2025-12-12T10:03:57+00:00\",\"breadcrumb\":{\"@id\":\"https:\/\/www.varhaug-misjonshus.no\/?page_id=1257#breadcrumb\"},\"inLanguage\":\"nb-NO\",\"potentialAction\":[{\"@type\":\"ReadAction\",\"target\":[\"https:\/\/www.varhaug-misjonshus.no\/?page_id=1257\"]}]},{\"@type\":\"BreadcrumbList\",\"@id\":\"https:\/\/www.varhaug-misjonshus.no\/?page_id=1257#breadcrumb\",\"itemListElement\":[{\"@type\":\"ListItem\",\"position\":1,\"name\":\"Hjem\",\"item\":\"https:\/\/www.varhaug-misjonshus.no\/\"},{\"@type\":\"ListItem\",\"position\":2,\"name\":\"Barn\",\"item\":\"https:\/\/www.varhaug-misjonshus.no\/?page_id=211\"},{\"@type\":\"ListItem\",\"position\":3,\"name\":\"Homleb\u00f8le\"}]},{\"@type\":\"WebSite\",\"@id\":\"https:\/\/www.varhaug-misjonshus.no\/#website\",\"url\":\"https:\/\/www.varhaug-misjonshus.no\/\",\"name\":\"Varhaug Misjonshus\",\"description\":\"Jesus er veien, sannheten og livet\",\"publisher\":{\"@id\":\"https:\/\/www.varhaug-misjonshus.no\/#organization\"},\"potentialAction\":[{\"@type\":\"SearchAction\",\"target\":{\"@type\":\"EntryPoint\",\"urlTemplate\":\"https:\/\/www.varhaug-misjonshus.no\/?s={search_term_string}\"},\"query-input\":\"required name=search_term_string\"}],\"inLanguage\":\"nb-NO\"},{\"@type\":\"Organization\",\"@id\":\"https:\/\/www.varhaug-misjonshus.no\/#organization\",\"name\":\"Varhaug Misjonshus\",\"url\":\"https:\/\/www.varhaug-misjonshus.no\/\",\"logo\":{\"@type\":\"ImageObject\",\"inLanguage\":\"nb-NO\",\"@id\":\"https:\/\/www.varhaug-misjonshus.no\/#\/schema\/logo\/image\/\",\"url\":\"https:\/\/www.varhaug-misjonshus.no\/wordpress\/wp-content\/uploads\/2015\/10\/altertavle-misjen-2.jpg\",\"contentUrl\":\"https:\/\/www.varhaug-misjonshus.no\/wordpress\/wp-content\/uploads\/2015\/10\/altertavle-misjen-2.jpg\",\"width\":397,\"height\":384,\"caption\":\"Varhaug Misjonshus\"},\"image\":{\"@id\":\"https:\/\/www.varhaug-misjonshus.no\/#\/schema\/logo\/image\/\"}}]}<\/script>\n<!-- \/ Yoast SEO plugin. -->","yoast_head_json":{"title":"Homleb\u00f8le - Varhaug Misjonshus","robots":{"index":"index","follow":"follow","max-snippet":"max-snippet:-1","max-image-preview":"max-image-preview:large","max-video-preview":"max-video-preview:-1"},"canonical":"https:\/\/www.varhaug-misjonshus.no\/?page_id=1257","og_locale":"nb_NO","og_type":"article","og_title":"Homleb\u00f8le - Varhaug Misjonshus","og_description":"Homleb\u00f8le er eit foreldre\/barn treff som arrangeres p\u00e5 tysdagar p\u00e5 misjonshuset. Vi vil fylgja skuleruta (dvs. ikkje Humlab\u00f8le i skuleferiar) Ein kjekk stad \u00e5 m\u00f8tast og \u00e5 verta kjent med nye. Ta turen innom du ogs\u00e5!! Hausten 2025 16. desember &hellip; Les videre &rarr;","og_url":"https:\/\/www.varhaug-misjonshus.no\/?page_id=1257","og_site_name":"Varhaug Misjonshus","article_modified_time":"2025-12-12T10:03:57+00:00","og_image":[{"url":"https:\/\/www.varhaug-misjonshus.no\/wordpress\/wp-content\/uploads\/2025\/09\/HOMLEBOLET-info-scaled.jpg"}],"twitter_card":"summary_large_image","twitter_misc":{"Ansl. lesetid":"1 minutt"},"schema":{"@context":"https:\/\/schema.org","@graph":[{"@type":"WebPage","@id":"https:\/\/www.varhaug-misjonshus.no\/?page_id=1257","url":"https:\/\/www.varhaug-misjonshus.no\/?page_id=1257","name":"Homleb\u00f8le - Varhaug Misjonshus","isPartOf":{"@id":"https:\/\/www.varhaug-misjonshus.no\/#website"},"datePublished":"2012-08-27T20:04:48+00:00","dateModified":"2025-12-12T10:03:57+00:00","breadcrumb":{"@id":"https:\/\/www.varhaug-misjonshus.no\/?page_id=1257#breadcrumb"},"inLanguage":"nb-NO","potentialAction":[{"@type":"ReadAction","target":["https:\/\/www.varhaug-misjonshus.no\/?page_id=1257"]}]},{"@type":"BreadcrumbList","@id":"https:\/\/www.varhaug-misjonshus.no\/?page_id=1257#breadcrumb","itemListElement":[{"@type":"ListItem","position":1,"name":"Hjem","item":"https:\/\/www.varhaug-misjonshus.no\/"},{"@type":"ListItem","position":2,"name":"Barn","item":"https:\/\/www.varhaug-misjonshus.no\/?page_id=211"},{"@type":"ListItem","position":3,"name":"Homleb\u00f8le"}]},{"@type":"WebSite","@id":"https:\/\/www.varhaug-misjonshus.no\/#website","url":"https:\/\/www.varhaug-misjonshus.no\/","name":"Varhaug Misjonshus","description":"Jesus er veien, sannheten og livet","publisher":{"@id":"https:\/\/www.varhaug-misjonshus.no\/#organization"},"potentialAction":[{"@type":"SearchAction","target":{"@type":"EntryPoint","urlTemplate":"https:\/\/www.varhaug-misjonshus.no\/?s={search_term_string}"},"query-input":"required name=search_term_string"}],"inLanguage":"nb-NO"},{"@type":"Organization","@id":"https:\/\/www.varhaug-misjonshus.no\/#organization","name":"Varhaug Misjonshus","url":"https:\/\/www.varhaug-misjonshus.no\/","logo":{"@type":"ImageObject","inLanguage":"nb-NO","@id":"https:\/\/www.varhaug-misjonshus.no\/#\/schema\/logo\/image\/","url":"https:\/\/www.varhaug-misjonshus.no\/wordpress\/wp-content\/uploads\/2015\/10\/altertavle-misjen-2.jpg","contentUrl":"https:\/\/www.varhaug-misjonshus.no\/wordpress\/wp-content\/uploads\/2015\/10\/altertavle-misjen-2.jpg","width":397,"height":384,"caption":"Varhaug Misjonshus"},"image":{"@id":"https:\/\/www.varhaug-misjonshus.no\/#\/schema\/logo\/image\/"}}]}},"_links":{"self":[{"href":"https:\/\/www.varhaug-misjonshus.no\/index.php?rest_route=\/wp\/v2\/pages\/1257"}],"collection":[{"href":"https:\/\/www.varhaug-misjonshus.no\/index.php?rest_route=\/wp\/v2\/pages"}],"about":[{"href":"https:\/\/www.varhaug-misjonshus.no\/index.php?rest_route=\/wp\/v2\/types\/page"}],"author":[{"embeddable":true,"href":"https:\/\/www.varhaug-misjonshus.no\/index.php?rest_route=\/wp\/v2\/users\/3"}],"replies":[{"embeddable":true,"href":"https:\/\/www.varhaug-misjonshus.no\/index.php?rest_route=%2Fwp%2Fv2%2Fcomments&post=1257"}],"version-history":[{"count":64,"href":"https:\/\/www.varhaug-misjonshus.no\/index.php?rest_route=\/wp\/v2\/pages\/1257\/revisions"}],"predecessor-version":[{"id":14314,"href":"https:\/\/www.varhaug-misjonshus.no\/index.php?rest_route=\/wp\/v2\/pages\/1257\/revisions\/14314"}],"up":[{"embeddable":true,"href":"https:\/\/www.varhaug-misjonshus.no\/index.php?rest_route=\/wp\/v2\/pages\/211"}],"wp:attachment":[{"href":"https:\/\/www.varhaug-misjonshus.no\/index.php?rest_route=%2Fwp%2Fv2%2Fmedia&parent=1257"}],"curies":[{"name":"wp","href":"https:\/\/api.w.org\/{rel}","templated":true}]}}