{"id":211,"date":"2012-01-16T21:19:42","date_gmt":"2012-01-16T20:19:42","guid":{"rendered":"http:\/\/www.varhaug-misjonshus.no\/wordpress\/?page_id=211"},"modified":"2018-09-03T21:51:47","modified_gmt":"2018-09-03T20:51:47","slug":"barn","status":"publish","type":"page","link":"https:\/\/www.varhaug-misjonshus.no\/?page_id=211","title":{"rendered":"Barn"},"content":{"rendered":"<p>Se egne sider under rullegardin Barn. Varhaug Misjonshus har ett mangfoldig barne og ungdomsarbeid med bl.a S\u00f8ndagsskule, Awana opplegg, Humleb\u00f8le, Fre`s og Spiren.<\/p>\n<p>Nytt for \u00e5ret 2018: Barne og ungdomsopplegget Awana. Se infofilm under:<\/p>\n<p><iframe loading=\"lazy\" src=\"https:\/\/www.youtube.com\/embed\/JkEn7CPPO6I\" width=\"600\" height=\"300\" frameborder=\"0\" allowfullscreen=\"allowfullscreen\"><\/iframe><\/p>\n","protected":false},"excerpt":{"rendered":"<p>Se egne sider under rullegardin Barn. Varhaug Misjonshus har ett mangfoldig barne og ungdomsarbeid med bl.a S\u00f8ndagsskule, Awana opplegg, Humleb\u00f8le, Fre`s og Spiren. Nytt for \u00e5ret 2018: Barne og ungdomsopplegget Awana. Se infofilm under:<\/p>\n","protected":false},"author":2,"featured_media":0,"parent":0,"menu_order":15,"comment_status":"closed","ping_status":"open","template":"","meta":[],"yoast_head":"<!-- This site is optimized with the Yoast SEO plugin v20.2.1 - https:\/\/yoast.com\/wordpress\/plugins\/seo\/ -->\n<title>Barn - Varhaug Misjonshus<\/title>\n<meta name=\"robots\" content=\"index, follow, max-snippet:-1, max-image-preview:large, max-video-preview:-1\" \/>\n<link rel=\"canonical\" href=\"https:\/\/www.varhaug-misjonshus.no\/?page_id=211\" \/>\n<meta property=\"og:locale\" content=\"nb_NO\" \/>\n<meta property=\"og:type\" content=\"article\" \/>\n<meta property=\"og:title\" content=\"Barn - Varhaug Misjonshus\" \/>\n<meta property=\"og:description\" content=\"Se egne sider under rullegardin Barn. Varhaug Misjonshus har ett mangfoldig barne og ungdomsarbeid med bl.a S\u00f8ndagsskule, Awana opplegg, Humleb\u00f8le, Fre`s og Spiren. Nytt for \u00e5ret 2018: Barne og ungdomsopplegget Awana. Se infofilm under:\" \/>\n<meta property=\"og:url\" content=\"https:\/\/www.varhaug-misjonshus.no\/?page_id=211\" \/>\n<meta property=\"og:site_name\" content=\"Varhaug Misjonshus\" \/>\n<meta property=\"article:modified_time\" content=\"2018-09-03T20:51:47+00:00\" \/>\n<meta name=\"twitter:card\" content=\"summary_large_image\" \/>\n<script type=\"application\/ld+json\" class=\"yoast-schema-graph\">{\"@context\":\"https:\/\/schema.org\",\"@graph\":[{\"@type\":\"WebPage\",\"@id\":\"https:\/\/www.varhaug-misjonshus.no\/?page_id=211\",\"url\":\"https:\/\/www.varhaug-misjonshus.no\/?page_id=211\",\"name\":\"Barn - Varhaug Misjonshus\",\"isPartOf\":{\"@id\":\"https:\/\/www.varhaug-misjonshus.no\/#website\"},\"datePublished\":\"2012-01-16T20:19:42+00:00\",\"dateModified\":\"2018-09-03T20:51:47+00:00\",\"breadcrumb\":{\"@id\":\"https:\/\/www.varhaug-misjonshus.no\/?page_id=211#breadcrumb\"},\"inLanguage\":\"nb-NO\",\"potentialAction\":[{\"@type\":\"ReadAction\",\"target\":[\"https:\/\/www.varhaug-misjonshus.no\/?page_id=211\"]}]},{\"@type\":\"BreadcrumbList\",\"@id\":\"https:\/\/www.varhaug-misjonshus.no\/?page_id=211#breadcrumb\",\"itemListElement\":[{\"@type\":\"ListItem\",\"position\":1,\"name\":\"Hjem\",\"item\":\"https:\/\/www.varhaug-misjonshus.no\/\"},{\"@type\":\"ListItem\",\"position\":2,\"name\":\"Barn\"}]},{\"@type\":\"WebSite\",\"@id\":\"https:\/\/www.varhaug-misjonshus.no\/#website\",\"url\":\"https:\/\/www.varhaug-misjonshus.no\/\",\"name\":\"Varhaug Misjonshus\",\"description\":\"Jesus er veien, sannheten og livet\",\"publisher\":{\"@id\":\"https:\/\/www.varhaug-misjonshus.no\/#organization\"},\"potentialAction\":[{\"@type\":\"SearchAction\",\"target\":{\"@type\":\"EntryPoint\",\"urlTemplate\":\"https:\/\/www.varhaug-misjonshus.no\/?s={search_term_string}\"},\"query-input\":\"required name=search_term_string\"}],\"inLanguage\":\"nb-NO\"},{\"@type\":\"Organization\",\"@id\":\"https:\/\/www.varhaug-misjonshus.no\/#organization\",\"name\":\"Varhaug Misjonshus\",\"url\":\"https:\/\/www.varhaug-misjonshus.no\/\",\"logo\":{\"@type\":\"ImageObject\",\"inLanguage\":\"nb-NO\",\"@id\":\"https:\/\/www.varhaug-misjonshus.no\/#\/schema\/logo\/image\/\",\"url\":\"https:\/\/www.varhaug-misjonshus.no\/wordpress\/wp-content\/uploads\/2015\/10\/altertavle-misjen-2.jpg\",\"contentUrl\":\"https:\/\/www.varhaug-misjonshus.no\/wordpress\/wp-content\/uploads\/2015\/10\/altertavle-misjen-2.jpg\",\"width\":397,\"height\":384,\"caption\":\"Varhaug Misjonshus\"},\"image\":{\"@id\":\"https:\/\/www.varhaug-misjonshus.no\/#\/schema\/logo\/image\/\"}}]}<\/script>\n<!-- \/ Yoast SEO plugin. -->","yoast_head_json":{"title":"Barn - Varhaug Misjonshus","robots":{"index":"index","follow":"follow","max-snippet":"max-snippet:-1","max-image-preview":"max-image-preview:large","max-video-preview":"max-video-preview:-1"},"canonical":"https:\/\/www.varhaug-misjonshus.no\/?page_id=211","og_locale":"nb_NO","og_type":"article","og_title":"Barn - Varhaug Misjonshus","og_description":"Se egne sider under rullegardin Barn. Varhaug Misjonshus har ett mangfoldig barne og ungdomsarbeid med bl.a S\u00f8ndagsskule, Awana opplegg, Humleb\u00f8le, Fre`s og Spiren. Nytt for \u00e5ret 2018: Barne og ungdomsopplegget Awana. Se infofilm under:","og_url":"https:\/\/www.varhaug-misjonshus.no\/?page_id=211","og_site_name":"Varhaug Misjonshus","article_modified_time":"2018-09-03T20:51:47+00:00","twitter_card":"summary_large_image","schema":{"@context":"https:\/\/schema.org","@graph":[{"@type":"WebPage","@id":"https:\/\/www.varhaug-misjonshus.no\/?page_id=211","url":"https:\/\/www.varhaug-misjonshus.no\/?page_id=211","name":"Barn - Varhaug Misjonshus","isPartOf":{"@id":"https:\/\/www.varhaug-misjonshus.no\/#website"},"datePublished":"2012-01-16T20:19:42+00:00","dateModified":"2018-09-03T20:51:47+00:00","breadcrumb":{"@id":"https:\/\/www.varhaug-misjonshus.no\/?page_id=211#breadcrumb"},"inLanguage":"nb-NO","potentialAction":[{"@type":"ReadAction","target":["https:\/\/www.varhaug-misjonshus.no\/?page_id=211"]}]},{"@type":"BreadcrumbList","@id":"https:\/\/www.varhaug-misjonshus.no\/?page_id=211#breadcrumb","itemListElement":[{"@type":"ListItem","position":1,"name":"Hjem","item":"https:\/\/www.varhaug-misjonshus.no\/"},{"@type":"ListItem","position":2,"name":"Barn"}]},{"@type":"WebSite","@id":"https:\/\/www.varhaug-misjonshus.no\/#website","url":"https:\/\/www.varhaug-misjonshus.no\/","name":"Varhaug Misjonshus","description":"Jesus er veien, sannheten og livet","publisher":{"@id":"https:\/\/www.varhaug-misjonshus.no\/#organization"},"potentialAction":[{"@type":"SearchAction","target":{"@type":"EntryPoint","urlTemplate":"https:\/\/www.varhaug-misjonshus.no\/?s={search_term_string}"},"query-input":"required name=search_term_string"}],"inLanguage":"nb-NO"},{"@type":"Organization","@id":"https:\/\/www.varhaug-misjonshus.no\/#organization","name":"Varhaug Misjonshus","url":"https:\/\/www.varhaug-misjonshus.no\/","logo":{"@type":"ImageObject","inLanguage":"nb-NO","@id":"https:\/\/www.varhaug-misjonshus.no\/#\/schema\/logo\/image\/","url":"https:\/\/www.varhaug-misjonshus.no\/wordpress\/wp-content\/uploads\/2015\/10\/altertavle-misjen-2.jpg","contentUrl":"https:\/\/www.varhaug-misjonshus.no\/wordpress\/wp-content\/uploads\/2015\/10\/altertavle-misjen-2.jpg","width":397,"height":384,"caption":"Varhaug Misjonshus"},"image":{"@id":"https:\/\/www.varhaug-misjonshus.no\/#\/schema\/logo\/image\/"}}]}},"_links":{"self":[{"href":"https:\/\/www.varhaug-misjonshus.no\/index.php?rest_route=\/wp\/v2\/pages\/211"}],"collection":[{"href":"https:\/\/www.varhaug-misjonshus.no\/index.php?rest_route=\/wp\/v2\/pages"}],"about":[{"href":"https:\/\/www.varhaug-misjonshus.no\/index.php?rest_route=\/wp\/v2\/types\/page"}],"author":[{"embeddable":true,"href":"https:\/\/www.varhaug-misjonshus.no\/index.php?rest_route=\/wp\/v2\/users\/2"}],"replies":[{"embeddable":true,"href":"https:\/\/www.varhaug-misjonshus.no\/index.php?rest_route=%2Fwp%2Fv2%2Fcomments&post=211"}],"version-history":[{"count":14,"href":"https:\/\/www.varhaug-misjonshus.no\/index.php?rest_route=\/wp\/v2\/pages\/211\/revisions"}],"predecessor-version":[{"id":7213,"href":"https:\/\/www.varhaug-misjonshus.no\/index.php?rest_route=\/wp\/v2\/pages\/211\/revisions\/7213"}],"wp:attachment":[{"href":"https:\/\/www.varhaug-misjonshus.no\/index.php?rest_route=%2Fwp%2Fv2%2Fmedia&parent=211"}],"curies":[{"name":"wp","href":"https:\/\/api.w.org\/{rel}","templated":true}]}}