{"id":214,"date":"2012-01-16T21:26:01","date_gmt":"2012-01-16T20:26:01","guid":{"rendered":"http:\/\/www.varhaug-misjonshus.no\/wordpress\/?page_id=214"},"modified":"2023-02-03T12:54:17","modified_gmt":"2023-02-03T10:54:17","slug":"misjonshusstyret","status":"publish","type":"page","link":"https:\/\/www.varhaug-misjonshus.no\/?page_id=214","title":{"rendered":"Om Misjonshuset"},"content":{"rendered":"<p>Adresse \u00a0\u00c5nestadvegen 21, 4360 Varhaug.\u00a0 Postadresse: Pb 103, 4368 Varhaug . \u00a0 \u00a0 \u00a0 \u00a0 \u00a0 \u00a0 \u00a0 \u00a0 e-postadresse: post@varhaug-misjonshus.no \u00a0 \u00a0 \u00a0 \u00a0 \u00a0 \u00a0 \u00a0 \u00a0 \u00a0Telefon 51430808. \u00a0 \u00a0 \u00a0 \u00a0 \u00a0 \u00a0 \u00a0 \u00a0 \u00a0 \u00a0 \u00a0 \u00a0 \u00a0 \u00a0 Kontortid: mandag og torsdag kl 2000-2100<\/p>\n<p><span style=\"color: #000000; font-size: small;\"><strong>Misjonshuset sto ferdig og vart innvigd 17\/12-1960. Ny fl\u00f8y vart bygd p\u00e5 i 1983 og utvida i 1996. Det var d\u00e5 plass til ca 400 i m\u00f8tesal, og ca 250 i matsal V\u00e5ren 2004 vart bygget med m\u00f8tesal fr\u00e5 1960 rive, og ein ny fl\u00f8y med m\u00f8tesal, lagerrom, anretningskj\u00f8kken osb vart bygd. Nybygget vart teken i bruk 18. november 2004. Arbeidet med utsmykking var ferdig utp\u00e5 sommaren, og nybygget vart innvigd 11. September 2005.<\/strong><\/span><\/p>\n<p><code><style type=\"text\/css\">\n                 .errordiv { padding:10px; margin:10px; border: 1px solid #555555;color: #000000;background-color: #f8f8f8; text-align:center; width:500px; }\n                 <\/style><style type=\"text\/css\"><\/style><script type=\"text\/javascript\">   var ai_iframe_width_advanced_iframe = 0;   var ai_iframe_height_advanced_iframe = 0;var aiIsIe8=false;var aiReadyCallbacks = ( typeof aiReadyCallbacks != 'undefined' && aiReadyCallbacks instanceof Array ) ? aiReadyCallbacks : [];var onloadFiredadvanced_iframe = false;     function aiShowIframe() { jQuery(\"#advanced_iframe\").css(\"visibility\", \"visible\");}    function aiShowIframeId(id_iframe) { jQuery(id_iframe).css(\"visibility\", \"visible\");}    function aiResizeIframeHeight(height) { aiResizeIframeHeight(height,advanced_iframe); }    function aiResizeIframeHeightId(height,width,id) {aiResizeIframeHeightById(id,height);} <\/script><iframe id='advanced_iframe'  name='advanced_iframe'  src='http:\/\/www.varhaug-misjonshus.no\/filer\/vegkart.pdf'  width='650'  height='950'  scrolling='no'  frameborder='0'  border='0'  allowtransparency='true' ><\/iframe><script type=\"text\/javascript\">var ifrm_advanced_iframe = document.getElementById(\"advanced_iframe\");<\/script><script type=\"text\/javascript\">\n                var hiddenTabsDoneadvanced_iframe = false;\n                function resizeCallbackadvanced_iframe() {}<\/script><\/code><\/p>\n","protected":false},"excerpt":{"rendered":"<p>Adresse \u00a0\u00c5nestadvegen 21, 4360 Varhaug.\u00a0 Postadresse: Pb 103, 4368 Varhaug . \u00a0 \u00a0 \u00a0 \u00a0 \u00a0 \u00a0 \u00a0 \u00a0 e-postadresse: post@varhaug-misjonshus.no \u00a0 \u00a0 \u00a0 \u00a0 \u00a0 \u00a0 \u00a0 \u00a0 \u00a0Telefon 51430808. \u00a0 \u00a0 \u00a0 \u00a0 \u00a0 \u00a0 \u00a0 \u00a0 \u00a0 &hellip; <a href=\"https:\/\/www.varhaug-misjonshus.no\/?page_id=214\">Les videre <span class=\"meta-nav\">&rarr;<\/span><\/a><\/p>\n","protected":false},"author":2,"featured_media":0,"parent":0,"menu_order":90,"comment_status":"closed","ping_status":"open","template":"","meta":[],"yoast_head":"<!-- This site is optimized with the Yoast SEO plugin v20.2.1 - https:\/\/yoast.com\/wordpress\/plugins\/seo\/ -->\n<title>Om Misjonshuset - Varhaug Misjonshus<\/title>\n<meta name=\"robots\" content=\"index, follow, max-snippet:-1, max-image-preview:large, max-video-preview:-1\" \/>\n<link rel=\"canonical\" href=\"https:\/\/www.varhaug-misjonshus.no\/?page_id=214\" \/>\n<meta property=\"og:locale\" content=\"nb_NO\" \/>\n<meta property=\"og:type\" content=\"article\" \/>\n<meta property=\"og:title\" content=\"Om Misjonshuset - Varhaug Misjonshus\" \/>\n<meta property=\"og:description\" content=\"Adresse \u00a0\u00c5nestadvegen 21, 4360 Varhaug.\u00a0 Postadresse: Pb 103, 4368 Varhaug . \u00a0 \u00a0 \u00a0 \u00a0 \u00a0 \u00a0 \u00a0 \u00a0 e-postadresse: post@varhaug-misjonshus.no \u00a0 \u00a0 \u00a0 \u00a0 \u00a0 \u00a0 \u00a0 \u00a0 \u00a0Telefon 51430808. \u00a0 \u00a0 \u00a0 \u00a0 \u00a0 \u00a0 \u00a0 \u00a0 \u00a0 &hellip; Les videre &rarr;\" \/>\n<meta property=\"og:url\" content=\"https:\/\/www.varhaug-misjonshus.no\/?page_id=214\" \/>\n<meta property=\"og:site_name\" content=\"Varhaug Misjonshus\" \/>\n<meta property=\"article:modified_time\" content=\"2023-02-03T10:54:17+00:00\" \/>\n<meta name=\"twitter:card\" content=\"summary_large_image\" \/>\n<meta name=\"twitter:label1\" content=\"Ansl. lesetid\" \/>\n\t<meta name=\"twitter:data1\" content=\"1 minutt\" \/>\n<script type=\"application\/ld+json\" class=\"yoast-schema-graph\">{\"@context\":\"https:\/\/schema.org\",\"@graph\":[{\"@type\":\"WebPage\",\"@id\":\"https:\/\/www.varhaug-misjonshus.no\/?page_id=214\",\"url\":\"https:\/\/www.varhaug-misjonshus.no\/?page_id=214\",\"name\":\"Om Misjonshuset - Varhaug Misjonshus\",\"isPartOf\":{\"@id\":\"https:\/\/www.varhaug-misjonshus.no\/#website\"},\"datePublished\":\"2012-01-16T20:26:01+00:00\",\"dateModified\":\"2023-02-03T10:54:17+00:00\",\"breadcrumb\":{\"@id\":\"https:\/\/www.varhaug-misjonshus.no\/?page_id=214#breadcrumb\"},\"inLanguage\":\"nb-NO\",\"potentialAction\":[{\"@type\":\"ReadAction\",\"target\":[\"https:\/\/www.varhaug-misjonshus.no\/?page_id=214\"]}]},{\"@type\":\"BreadcrumbList\",\"@id\":\"https:\/\/www.varhaug-misjonshus.no\/?page_id=214#breadcrumb\",\"itemListElement\":[{\"@type\":\"ListItem\",\"position\":1,\"name\":\"Hjem\",\"item\":\"https:\/\/www.varhaug-misjonshus.no\/\"},{\"@type\":\"ListItem\",\"position\":2,\"name\":\"Om Misjonshuset\"}]},{\"@type\":\"WebSite\",\"@id\":\"https:\/\/www.varhaug-misjonshus.no\/#website\",\"url\":\"https:\/\/www.varhaug-misjonshus.no\/\",\"name\":\"Varhaug Misjonshus\",\"description\":\"Jesus er veien, sannheten og livet\",\"publisher\":{\"@id\":\"https:\/\/www.varhaug-misjonshus.no\/#organization\"},\"potentialAction\":[{\"@type\":\"SearchAction\",\"target\":{\"@type\":\"EntryPoint\",\"urlTemplate\":\"https:\/\/www.varhaug-misjonshus.no\/?s={search_term_string}\"},\"query-input\":\"required name=search_term_string\"}],\"inLanguage\":\"nb-NO\"},{\"@type\":\"Organization\",\"@id\":\"https:\/\/www.varhaug-misjonshus.no\/#organization\",\"name\":\"Varhaug Misjonshus\",\"url\":\"https:\/\/www.varhaug-misjonshus.no\/\",\"logo\":{\"@type\":\"ImageObject\",\"inLanguage\":\"nb-NO\",\"@id\":\"https:\/\/www.varhaug-misjonshus.no\/#\/schema\/logo\/image\/\",\"url\":\"https:\/\/www.varhaug-misjonshus.no\/wordpress\/wp-content\/uploads\/2015\/10\/altertavle-misjen-2.jpg\",\"contentUrl\":\"https:\/\/www.varhaug-misjonshus.no\/wordpress\/wp-content\/uploads\/2015\/10\/altertavle-misjen-2.jpg\",\"width\":397,\"height\":384,\"caption\":\"Varhaug Misjonshus\"},\"image\":{\"@id\":\"https:\/\/www.varhaug-misjonshus.no\/#\/schema\/logo\/image\/\"}}]}<\/script>\n<!-- \/ Yoast SEO plugin. -->","yoast_head_json":{"title":"Om Misjonshuset - Varhaug Misjonshus","robots":{"index":"index","follow":"follow","max-snippet":"max-snippet:-1","max-image-preview":"max-image-preview:large","max-video-preview":"max-video-preview:-1"},"canonical":"https:\/\/www.varhaug-misjonshus.no\/?page_id=214","og_locale":"nb_NO","og_type":"article","og_title":"Om Misjonshuset - Varhaug Misjonshus","og_description":"Adresse \u00a0\u00c5nestadvegen 21, 4360 Varhaug.\u00a0 Postadresse: Pb 103, 4368 Varhaug . \u00a0 \u00a0 \u00a0 \u00a0 \u00a0 \u00a0 \u00a0 \u00a0 e-postadresse: post@varhaug-misjonshus.no \u00a0 \u00a0 \u00a0 \u00a0 \u00a0 \u00a0 \u00a0 \u00a0 \u00a0Telefon 51430808. \u00a0 \u00a0 \u00a0 \u00a0 \u00a0 \u00a0 \u00a0 \u00a0 \u00a0 &hellip; Les videre &rarr;","og_url":"https:\/\/www.varhaug-misjonshus.no\/?page_id=214","og_site_name":"Varhaug Misjonshus","article_modified_time":"2023-02-03T10:54:17+00:00","twitter_card":"summary_large_image","twitter_misc":{"Ansl. lesetid":"1 minutt"},"schema":{"@context":"https:\/\/schema.org","@graph":[{"@type":"WebPage","@id":"https:\/\/www.varhaug-misjonshus.no\/?page_id=214","url":"https:\/\/www.varhaug-misjonshus.no\/?page_id=214","name":"Om Misjonshuset - Varhaug Misjonshus","isPartOf":{"@id":"https:\/\/www.varhaug-misjonshus.no\/#website"},"datePublished":"2012-01-16T20:26:01+00:00","dateModified":"2023-02-03T10:54:17+00:00","breadcrumb":{"@id":"https:\/\/www.varhaug-misjonshus.no\/?page_id=214#breadcrumb"},"inLanguage":"nb-NO","potentialAction":[{"@type":"ReadAction","target":["https:\/\/www.varhaug-misjonshus.no\/?page_id=214"]}]},{"@type":"BreadcrumbList","@id":"https:\/\/www.varhaug-misjonshus.no\/?page_id=214#breadcrumb","itemListElement":[{"@type":"ListItem","position":1,"name":"Hjem","item":"https:\/\/www.varhaug-misjonshus.no\/"},{"@type":"ListItem","position":2,"name":"Om Misjonshuset"}]},{"@type":"WebSite","@id":"https:\/\/www.varhaug-misjonshus.no\/#website","url":"https:\/\/www.varhaug-misjonshus.no\/","name":"Varhaug Misjonshus","description":"Jesus er veien, sannheten og livet","publisher":{"@id":"https:\/\/www.varhaug-misjonshus.no\/#organization"},"potentialAction":[{"@type":"SearchAction","target":{"@type":"EntryPoint","urlTemplate":"https:\/\/www.varhaug-misjonshus.no\/?s={search_term_string}"},"query-input":"required name=search_term_string"}],"inLanguage":"nb-NO"},{"@type":"Organization","@id":"https:\/\/www.varhaug-misjonshus.no\/#organization","name":"Varhaug Misjonshus","url":"https:\/\/www.varhaug-misjonshus.no\/","logo":{"@type":"ImageObject","inLanguage":"nb-NO","@id":"https:\/\/www.varhaug-misjonshus.no\/#\/schema\/logo\/image\/","url":"https:\/\/www.varhaug-misjonshus.no\/wordpress\/wp-content\/uploads\/2015\/10\/altertavle-misjen-2.jpg","contentUrl":"https:\/\/www.varhaug-misjonshus.no\/wordpress\/wp-content\/uploads\/2015\/10\/altertavle-misjen-2.jpg","width":397,"height":384,"caption":"Varhaug Misjonshus"},"image":{"@id":"https:\/\/www.varhaug-misjonshus.no\/#\/schema\/logo\/image\/"}}]}},"_links":{"self":[{"href":"https:\/\/www.varhaug-misjonshus.no\/index.php?rest_route=\/wp\/v2\/pages\/214"}],"collection":[{"href":"https:\/\/www.varhaug-misjonshus.no\/index.php?rest_route=\/wp\/v2\/pages"}],"about":[{"href":"https:\/\/www.varhaug-misjonshus.no\/index.php?rest_route=\/wp\/v2\/types\/page"}],"author":[{"embeddable":true,"href":"https:\/\/www.varhaug-misjonshus.no\/index.php?rest_route=\/wp\/v2\/users\/2"}],"replies":[{"embeddable":true,"href":"https:\/\/www.varhaug-misjonshus.no\/index.php?rest_route=%2Fwp%2Fv2%2Fcomments&post=214"}],"version-history":[{"count":10,"href":"https:\/\/www.varhaug-misjonshus.no\/index.php?rest_route=\/wp\/v2\/pages\/214\/revisions"}],"predecessor-version":[{"id":11030,"href":"https:\/\/www.varhaug-misjonshus.no\/index.php?rest_route=\/wp\/v2\/pages\/214\/revisions\/11030"}],"wp:attachment":[{"href":"https:\/\/www.varhaug-misjonshus.no\/index.php?rest_route=%2Fwp%2Fv2%2Fmedia&parent=214"}],"curies":[{"name":"wp","href":"https:\/\/api.w.org\/{rel}","templated":true}]}}