{"id":2258,"date":"2013-01-27T22:32:48","date_gmt":"2013-01-27T21:32:48","guid":{"rendered":"http:\/\/www.varhaug-misjonshus.no\/?page_id=2258"},"modified":"2013-01-27T23:12:32","modified_gmt":"2013-01-27T22:12:32","slug":"bildoy-bibelskole","status":"publish","type":"page","link":"https:\/\/www.varhaug-misjonshus.no\/?page_id=2258","title":{"rendered":"Bild\u00f8y Bibelskole"},"content":{"rendered":"<p><a href=\"http:\/\/www.bildoybibelskole.no\/\" target=\"_blank\"><img decoding=\"async\" loading=\"lazy\" id=\"il_fi\" class=\"alignright\" title=\"Bild\u00f8y Bibelskole\" src=\"http:\/\/nordhordlandsbua.no\/wp-content\/uploads\/bildoy.jpg\" alt=\"\" width=\"200\" height=\"80\" \/><\/a>Bild\u00f8y bibelskole er en internatskole p\u00e5 Sotra i Fjell kommune, ca 20 minutter vest for Bergen. Skolen ble bygget i 1983, men ble modernisert og pusset opp i 2006. Skolen eies av Indremisjonsforbundet (<a href=\"http:\/\/imf.no\/\" target=\"_blank\">ImF<\/a>). V\u00e5rt felles motto er \u201dMed Guds Ord til folket.\u201d Vi \u00f8nsker ogs\u00e5 at dette mottoet skal prege skolen v\u00e5r.<\/p>\n<h3>Vi tror Bild\u00f8y er skolen for deg som<\/h3>\n<ul>\n<li>\u00d8nsker \u00e5 bli bedre kjent med Bibelen og l\u00e6re mer om innholdet i troen.<\/li>\n<li>Sp\u00f8r etter Guds plan og m\u00e5l med livet.<\/li>\n<li>\u00d8nsker \u00e5 vokse og utvikle deg som menneske og som kristen.<\/li>\n<li>Rett og slett \u00f8nsker mer kunnskap og ferdigheter.\n<p>Trykk p\u00e5 bildet for mer informasjon<\/li>\n<\/ul>\n<p style=\"text-align: center;\"><a href=\"http:\/\/www.bildoybibelskole.no\/\" target=\"_blank\"><img decoding=\"async\" loading=\"lazy\" class=\"aligncenter  wp-image-2259\" title=\"Bild\u00f8y Bibelskole\" src=\"http:\/\/www.varhaug-misjonshus.no\/wordpress\/wp-content\/uploads\/2013\/01\/admin-ajax.jpg\" alt=\"\" width=\"672\" height=\"224\" srcset=\"https:\/\/www.varhaug-misjonshus.no\/wordpress\/wp-content\/uploads\/2013\/01\/admin-ajax.jpg 960w, https:\/\/www.varhaug-misjonshus.no\/wordpress\/wp-content\/uploads\/2013\/01\/admin-ajax-300x100.jpg 300w\" sizes=\"(max-width: 672px) 100vw, 672px\" \/><\/a><\/p>\n<p>&nbsp;<\/p>\n","protected":false},"excerpt":{"rendered":"<p>Bild\u00f8y bibelskole er en internatskole p\u00e5 Sotra i Fjell kommune, ca 20 minutter vest for Bergen. Skolen ble bygget i 1983, men ble modernisert og pusset opp i 2006. Skolen eies av Indremisjonsforbundet (ImF). V\u00e5rt felles motto er \u201dMed Guds &hellip; <a href=\"https:\/\/www.varhaug-misjonshus.no\/?page_id=2258\">Les videre <span class=\"meta-nav\">&rarr;<\/span><\/a><\/p>\n","protected":false},"author":3,"featured_media":0,"parent":123,"menu_order":4,"comment_status":"closed","ping_status":"open","template":"","meta":[],"yoast_head":"<!-- This site is optimized with the Yoast SEO plugin v20.2.1 - https:\/\/yoast.com\/wordpress\/plugins\/seo\/ -->\n<title>Bild\u00f8y Bibelskole - Varhaug Misjonshus<\/title>\n<meta name=\"robots\" content=\"index, follow, max-snippet:-1, max-image-preview:large, max-video-preview:-1\" \/>\n<link rel=\"canonical\" href=\"https:\/\/www.varhaug-misjonshus.no\/?page_id=2258\" \/>\n<meta property=\"og:locale\" content=\"nb_NO\" \/>\n<meta property=\"og:type\" content=\"article\" \/>\n<meta property=\"og:title\" content=\"Bild\u00f8y Bibelskole - Varhaug Misjonshus\" \/>\n<meta property=\"og:description\" content=\"Bild\u00f8y bibelskole er en internatskole p\u00e5 Sotra i Fjell kommune, ca 20 minutter vest for Bergen. Skolen ble bygget i 1983, men ble modernisert og pusset opp i 2006. Skolen eies av Indremisjonsforbundet (ImF). V\u00e5rt felles motto er \u201dMed Guds &hellip; Les videre &rarr;\" \/>\n<meta property=\"og:url\" content=\"https:\/\/www.varhaug-misjonshus.no\/?page_id=2258\" \/>\n<meta property=\"og:site_name\" content=\"Varhaug Misjonshus\" \/>\n<meta property=\"article:modified_time\" content=\"2013-01-27T22:12:32+00:00\" \/>\n<meta property=\"og:image\" content=\"http:\/\/nordhordlandsbua.no\/wp-content\/uploads\/bildoy.jpg\" \/>\n<meta name=\"twitter:card\" content=\"summary_large_image\" \/>\n<meta name=\"twitter:label1\" content=\"Ansl. lesetid\" \/>\n\t<meta name=\"twitter:data1\" content=\"1 minutt\" \/>\n<script type=\"application\/ld+json\" class=\"yoast-schema-graph\">{\"@context\":\"https:\/\/schema.org\",\"@graph\":[{\"@type\":\"WebPage\",\"@id\":\"https:\/\/www.varhaug-misjonshus.no\/?page_id=2258\",\"url\":\"https:\/\/www.varhaug-misjonshus.no\/?page_id=2258\",\"name\":\"Bild\u00f8y Bibelskole - Varhaug Misjonshus\",\"isPartOf\":{\"@id\":\"https:\/\/www.varhaug-misjonshus.no\/#website\"},\"datePublished\":\"2013-01-27T21:32:48+00:00\",\"dateModified\":\"2013-01-27T22:12:32+00:00\",\"breadcrumb\":{\"@id\":\"https:\/\/www.varhaug-misjonshus.no\/?page_id=2258#breadcrumb\"},\"inLanguage\":\"nb-NO\",\"potentialAction\":[{\"@type\":\"ReadAction\",\"target\":[\"https:\/\/www.varhaug-misjonshus.no\/?page_id=2258\"]}]},{\"@type\":\"BreadcrumbList\",\"@id\":\"https:\/\/www.varhaug-misjonshus.no\/?page_id=2258#breadcrumb\",\"itemListElement\":[{\"@type\":\"ListItem\",\"position\":1,\"name\":\"Hjem\",\"item\":\"https:\/\/www.varhaug-misjonshus.no\/\"},{\"@type\":\"ListItem\",\"position\":2,\"name\":\"Misjonsorganisasjoner\",\"item\":\"https:\/\/www.varhaug-misjonshus.no\/?page_id=814\"},{\"@type\":\"ListItem\",\"position\":3,\"name\":\"IMF\",\"item\":\"https:\/\/www.varhaug-misjonshus.no\/?page_id=123\"},{\"@type\":\"ListItem\",\"position\":4,\"name\":\"Bild\u00f8y Bibelskole\"}]},{\"@type\":\"WebSite\",\"@id\":\"https:\/\/www.varhaug-misjonshus.no\/#website\",\"url\":\"https:\/\/www.varhaug-misjonshus.no\/\",\"name\":\"Varhaug Misjonshus\",\"description\":\"Jesus er veien, sannheten og livet\",\"publisher\":{\"@id\":\"https:\/\/www.varhaug-misjonshus.no\/#organization\"},\"potentialAction\":[{\"@type\":\"SearchAction\",\"target\":{\"@type\":\"EntryPoint\",\"urlTemplate\":\"https:\/\/www.varhaug-misjonshus.no\/?s={search_term_string}\"},\"query-input\":\"required name=search_term_string\"}],\"inLanguage\":\"nb-NO\"},{\"@type\":\"Organization\",\"@id\":\"https:\/\/www.varhaug-misjonshus.no\/#organization\",\"name\":\"Varhaug Misjonshus\",\"url\":\"https:\/\/www.varhaug-misjonshus.no\/\",\"logo\":{\"@type\":\"ImageObject\",\"inLanguage\":\"nb-NO\",\"@id\":\"https:\/\/www.varhaug-misjonshus.no\/#\/schema\/logo\/image\/\",\"url\":\"https:\/\/www.varhaug-misjonshus.no\/wordpress\/wp-content\/uploads\/2015\/10\/altertavle-misjen-2.jpg\",\"contentUrl\":\"https:\/\/www.varhaug-misjonshus.no\/wordpress\/wp-content\/uploads\/2015\/10\/altertavle-misjen-2.jpg\",\"width\":397,\"height\":384,\"caption\":\"Varhaug Misjonshus\"},\"image\":{\"@id\":\"https:\/\/www.varhaug-misjonshus.no\/#\/schema\/logo\/image\/\"}}]}<\/script>\n<!-- \/ Yoast SEO plugin. -->","yoast_head_json":{"title":"Bild\u00f8y Bibelskole - Varhaug Misjonshus","robots":{"index":"index","follow":"follow","max-snippet":"max-snippet:-1","max-image-preview":"max-image-preview:large","max-video-preview":"max-video-preview:-1"},"canonical":"https:\/\/www.varhaug-misjonshus.no\/?page_id=2258","og_locale":"nb_NO","og_type":"article","og_title":"Bild\u00f8y Bibelskole - Varhaug Misjonshus","og_description":"Bild\u00f8y bibelskole er en internatskole p\u00e5 Sotra i Fjell kommune, ca 20 minutter vest for Bergen. Skolen ble bygget i 1983, men ble modernisert og pusset opp i 2006. Skolen eies av Indremisjonsforbundet (ImF). V\u00e5rt felles motto er \u201dMed Guds &hellip; Les videre &rarr;","og_url":"https:\/\/www.varhaug-misjonshus.no\/?page_id=2258","og_site_name":"Varhaug Misjonshus","article_modified_time":"2013-01-27T22:12:32+00:00","og_image":[{"url":"http:\/\/nordhordlandsbua.no\/wp-content\/uploads\/bildoy.jpg"}],"twitter_card":"summary_large_image","twitter_misc":{"Ansl. lesetid":"1 minutt"},"schema":{"@context":"https:\/\/schema.org","@graph":[{"@type":"WebPage","@id":"https:\/\/www.varhaug-misjonshus.no\/?page_id=2258","url":"https:\/\/www.varhaug-misjonshus.no\/?page_id=2258","name":"Bild\u00f8y Bibelskole - Varhaug Misjonshus","isPartOf":{"@id":"https:\/\/www.varhaug-misjonshus.no\/#website"},"datePublished":"2013-01-27T21:32:48+00:00","dateModified":"2013-01-27T22:12:32+00:00","breadcrumb":{"@id":"https:\/\/www.varhaug-misjonshus.no\/?page_id=2258#breadcrumb"},"inLanguage":"nb-NO","potentialAction":[{"@type":"ReadAction","target":["https:\/\/www.varhaug-misjonshus.no\/?page_id=2258"]}]},{"@type":"BreadcrumbList","@id":"https:\/\/www.varhaug-misjonshus.no\/?page_id=2258#breadcrumb","itemListElement":[{"@type":"ListItem","position":1,"name":"Hjem","item":"https:\/\/www.varhaug-misjonshus.no\/"},{"@type":"ListItem","position":2,"name":"Misjonsorganisasjoner","item":"https:\/\/www.varhaug-misjonshus.no\/?page_id=814"},{"@type":"ListItem","position":3,"name":"IMF","item":"https:\/\/www.varhaug-misjonshus.no\/?page_id=123"},{"@type":"ListItem","position":4,"name":"Bild\u00f8y Bibelskole"}]},{"@type":"WebSite","@id":"https:\/\/www.varhaug-misjonshus.no\/#website","url":"https:\/\/www.varhaug-misjonshus.no\/","name":"Varhaug Misjonshus","description":"Jesus er veien, sannheten og livet","publisher":{"@id":"https:\/\/www.varhaug-misjonshus.no\/#organization"},"potentialAction":[{"@type":"SearchAction","target":{"@type":"EntryPoint","urlTemplate":"https:\/\/www.varhaug-misjonshus.no\/?s={search_term_string}"},"query-input":"required name=search_term_string"}],"inLanguage":"nb-NO"},{"@type":"Organization","@id":"https:\/\/www.varhaug-misjonshus.no\/#organization","name":"Varhaug Misjonshus","url":"https:\/\/www.varhaug-misjonshus.no\/","logo":{"@type":"ImageObject","inLanguage":"nb-NO","@id":"https:\/\/www.varhaug-misjonshus.no\/#\/schema\/logo\/image\/","url":"https:\/\/www.varhaug-misjonshus.no\/wordpress\/wp-content\/uploads\/2015\/10\/altertavle-misjen-2.jpg","contentUrl":"https:\/\/www.varhaug-misjonshus.no\/wordpress\/wp-content\/uploads\/2015\/10\/altertavle-misjen-2.jpg","width":397,"height":384,"caption":"Varhaug Misjonshus"},"image":{"@id":"https:\/\/www.varhaug-misjonshus.no\/#\/schema\/logo\/image\/"}}]}},"_links":{"self":[{"href":"https:\/\/www.varhaug-misjonshus.no\/index.php?rest_route=\/wp\/v2\/pages\/2258"}],"collection":[{"href":"https:\/\/www.varhaug-misjonshus.no\/index.php?rest_route=\/wp\/v2\/pages"}],"about":[{"href":"https:\/\/www.varhaug-misjonshus.no\/index.php?rest_route=\/wp\/v2\/types\/page"}],"author":[{"embeddable":true,"href":"https:\/\/www.varhaug-misjonshus.no\/index.php?rest_route=\/wp\/v2\/users\/3"}],"replies":[{"embeddable":true,"href":"https:\/\/www.varhaug-misjonshus.no\/index.php?rest_route=%2Fwp%2Fv2%2Fcomments&post=2258"}],"version-history":[{"count":10,"href":"https:\/\/www.varhaug-misjonshus.no\/index.php?rest_route=\/wp\/v2\/pages\/2258\/revisions"}],"predecessor-version":[{"id":2284,"href":"https:\/\/www.varhaug-misjonshus.no\/index.php?rest_route=\/wp\/v2\/pages\/2258\/revisions\/2284"}],"up":[{"embeddable":true,"href":"https:\/\/www.varhaug-misjonshus.no\/index.php?rest_route=\/wp\/v2\/pages\/123"}],"wp:attachment":[{"href":"https:\/\/www.varhaug-misjonshus.no\/index.php?rest_route=%2Fwp%2Fv2%2Fmedia&parent=2258"}],"curies":[{"name":"wp","href":"https:\/\/api.w.org\/{rel}","templated":true}]}}