{"id":2268,"date":"2013-01-27T22:46:05","date_gmt":"2013-01-27T21:46:05","guid":{"rendered":"http:\/\/www.varhaug-misjonshus.no\/?page_id=2268"},"modified":"2013-01-27T23:13:09","modified_gmt":"2013-01-27T22:13:09","slug":"kvs-lyngdal","status":"publish","type":"page","link":"https:\/\/www.varhaug-misjonshus.no\/?page_id=2268","title":{"rendered":"KVS Lyngdal"},"content":{"rendered":"<p><a href=\"http:\/\/kvslyngdal.no\/\" target=\"_blank\"><img decoding=\"async\" loading=\"lazy\" class=\"size-full wp-image-2271 aligncenter\" title=\"KVS Lyngdal\" src=\"http:\/\/www.varhaug-misjonshus.no\/wordpress\/wp-content\/uploads\/2013\/01\/KVS-Lyngdal.png\" alt=\"\" width=\"155\" height=\"42\" srcset=\"https:\/\/www.varhaug-misjonshus.no\/wordpress\/wp-content\/uploads\/2013\/01\/KVS-Lyngdal.png 155w, https:\/\/www.varhaug-misjonshus.no\/wordpress\/wp-content\/uploads\/2013\/01\/KVS-Lyngdal-150x42.png 150w\" sizes=\"(max-width: 155px) 100vw, 155px\" \/><\/a><img decoding=\"async\" loading=\"lazy\" class=\"aligncenter\" title=\"seinvar-06-100liten\" src=\"http:\/\/kvslyngdal.no\/wp-content\/seinvar-06-100liten-150x150.jpg\" alt=\"\" width=\"150\" height=\"150\" \/><br \/>\nKVS-Lyngdal gir noe du kan bryne deg p\u00e5! For \u00e5 f\u00e5 det beste ut av undervisning, internatliv og andre aktiviteter m\u00e5 du investere av deg selv. Men gj\u00f8r du det, kan vi love at det vil l\u00f8nne seg. For v\u00e5r del vil vi legge til rette for at du skal f\u00e5 tre meningsfylte \u00e5r der du:<\/p>\n<ul>\n<li><strong>F\u00e5r noe \u00e5 strekke deg etter, b\u00e5de faglig og som menneske<\/strong><\/li>\n<li><strong>F\u00e5r et godt grunnlag for videre utdanning<\/strong><\/li>\n<li><strong><strong><strong><strong>F\u00e5r minner og venner du ikke vil glemme<\/strong><\/strong><\/strong><\/strong>&nbsp;\n<p>Se nettside her: <a href=\"http:\/\/kvslyngdal.no\/\" target=\"_blank\">KVS Lyngdal<\/a><\/li>\n<\/ul>\n<p>&nbsp;<\/p>\n","protected":false},"excerpt":{"rendered":"<p>KVS-Lyngdal gir noe du kan bryne deg p\u00e5! For \u00e5 f\u00e5 det beste ut av undervisning, internatliv og andre aktiviteter m\u00e5 du investere av deg selv. Men gj\u00f8r du det, kan vi love at det vil l\u00f8nne seg. For v\u00e5r &hellip; <a href=\"https:\/\/www.varhaug-misjonshus.no\/?page_id=2268\">Les videre <span class=\"meta-nav\">&rarr;<\/span><\/a><\/p>\n","protected":false},"author":3,"featured_media":0,"parent":123,"menu_order":6,"comment_status":"closed","ping_status":"open","template":"","meta":[],"yoast_head":"<!-- This site is optimized with the Yoast SEO plugin v20.2.1 - https:\/\/yoast.com\/wordpress\/plugins\/seo\/ -->\n<title>KVS Lyngdal - Varhaug Misjonshus<\/title>\n<meta name=\"robots\" content=\"index, follow, max-snippet:-1, max-image-preview:large, max-video-preview:-1\" \/>\n<link rel=\"canonical\" href=\"https:\/\/www.varhaug-misjonshus.no\/?page_id=2268\" \/>\n<meta property=\"og:locale\" content=\"nb_NO\" \/>\n<meta property=\"og:type\" content=\"article\" \/>\n<meta property=\"og:title\" content=\"KVS Lyngdal - Varhaug Misjonshus\" \/>\n<meta property=\"og:description\" content=\"KVS-Lyngdal gir noe du kan bryne deg p\u00e5! For \u00e5 f\u00e5 det beste ut av undervisning, internatliv og andre aktiviteter m\u00e5 du investere av deg selv. Men gj\u00f8r du det, kan vi love at det vil l\u00f8nne seg. For v\u00e5r &hellip; Les videre &rarr;\" \/>\n<meta property=\"og:url\" content=\"https:\/\/www.varhaug-misjonshus.no\/?page_id=2268\" \/>\n<meta property=\"og:site_name\" content=\"Varhaug Misjonshus\" \/>\n<meta property=\"article:modified_time\" content=\"2013-01-27T22:13:09+00:00\" \/>\n<meta property=\"og:image\" content=\"http:\/\/www.varhaug-misjonshus.no\/wordpress\/wp-content\/uploads\/2013\/01\/KVS-Lyngdal.png\" \/>\n<meta name=\"twitter:card\" content=\"summary_large_image\" \/>\n<script type=\"application\/ld+json\" class=\"yoast-schema-graph\">{\"@context\":\"https:\/\/schema.org\",\"@graph\":[{\"@type\":\"WebPage\",\"@id\":\"https:\/\/www.varhaug-misjonshus.no\/?page_id=2268\",\"url\":\"https:\/\/www.varhaug-misjonshus.no\/?page_id=2268\",\"name\":\"KVS Lyngdal - Varhaug Misjonshus\",\"isPartOf\":{\"@id\":\"https:\/\/www.varhaug-misjonshus.no\/#website\"},\"datePublished\":\"2013-01-27T21:46:05+00:00\",\"dateModified\":\"2013-01-27T22:13:09+00:00\",\"breadcrumb\":{\"@id\":\"https:\/\/www.varhaug-misjonshus.no\/?page_id=2268#breadcrumb\"},\"inLanguage\":\"nb-NO\",\"potentialAction\":[{\"@type\":\"ReadAction\",\"target\":[\"https:\/\/www.varhaug-misjonshus.no\/?page_id=2268\"]}]},{\"@type\":\"BreadcrumbList\",\"@id\":\"https:\/\/www.varhaug-misjonshus.no\/?page_id=2268#breadcrumb\",\"itemListElement\":[{\"@type\":\"ListItem\",\"position\":1,\"name\":\"Hjem\",\"item\":\"https:\/\/www.varhaug-misjonshus.no\/\"},{\"@type\":\"ListItem\",\"position\":2,\"name\":\"Misjonsorganisasjoner\",\"item\":\"https:\/\/www.varhaug-misjonshus.no\/?page_id=814\"},{\"@type\":\"ListItem\",\"position\":3,\"name\":\"IMF\",\"item\":\"https:\/\/www.varhaug-misjonshus.no\/?page_id=123\"},{\"@type\":\"ListItem\",\"position\":4,\"name\":\"KVS Lyngdal\"}]},{\"@type\":\"WebSite\",\"@id\":\"https:\/\/www.varhaug-misjonshus.no\/#website\",\"url\":\"https:\/\/www.varhaug-misjonshus.no\/\",\"name\":\"Varhaug Misjonshus\",\"description\":\"Jesus er veien, sannheten og livet\",\"publisher\":{\"@id\":\"https:\/\/www.varhaug-misjonshus.no\/#organization\"},\"potentialAction\":[{\"@type\":\"SearchAction\",\"target\":{\"@type\":\"EntryPoint\",\"urlTemplate\":\"https:\/\/www.varhaug-misjonshus.no\/?s={search_term_string}\"},\"query-input\":\"required name=search_term_string\"}],\"inLanguage\":\"nb-NO\"},{\"@type\":\"Organization\",\"@id\":\"https:\/\/www.varhaug-misjonshus.no\/#organization\",\"name\":\"Varhaug Misjonshus\",\"url\":\"https:\/\/www.varhaug-misjonshus.no\/\",\"logo\":{\"@type\":\"ImageObject\",\"inLanguage\":\"nb-NO\",\"@id\":\"https:\/\/www.varhaug-misjonshus.no\/#\/schema\/logo\/image\/\",\"url\":\"https:\/\/www.varhaug-misjonshus.no\/wordpress\/wp-content\/uploads\/2015\/10\/altertavle-misjen-2.jpg\",\"contentUrl\":\"https:\/\/www.varhaug-misjonshus.no\/wordpress\/wp-content\/uploads\/2015\/10\/altertavle-misjen-2.jpg\",\"width\":397,\"height\":384,\"caption\":\"Varhaug Misjonshus\"},\"image\":{\"@id\":\"https:\/\/www.varhaug-misjonshus.no\/#\/schema\/logo\/image\/\"}}]}<\/script>\n<!-- \/ Yoast SEO plugin. -->","yoast_head_json":{"title":"KVS Lyngdal - Varhaug Misjonshus","robots":{"index":"index","follow":"follow","max-snippet":"max-snippet:-1","max-image-preview":"max-image-preview:large","max-video-preview":"max-video-preview:-1"},"canonical":"https:\/\/www.varhaug-misjonshus.no\/?page_id=2268","og_locale":"nb_NO","og_type":"article","og_title":"KVS Lyngdal - Varhaug Misjonshus","og_description":"KVS-Lyngdal gir noe du kan bryne deg p\u00e5! For \u00e5 f\u00e5 det beste ut av undervisning, internatliv og andre aktiviteter m\u00e5 du investere av deg selv. Men gj\u00f8r du det, kan vi love at det vil l\u00f8nne seg. For v\u00e5r &hellip; Les videre &rarr;","og_url":"https:\/\/www.varhaug-misjonshus.no\/?page_id=2268","og_site_name":"Varhaug Misjonshus","article_modified_time":"2013-01-27T22:13:09+00:00","og_image":[{"url":"http:\/\/www.varhaug-misjonshus.no\/wordpress\/wp-content\/uploads\/2013\/01\/KVS-Lyngdal.png"}],"twitter_card":"summary_large_image","schema":{"@context":"https:\/\/schema.org","@graph":[{"@type":"WebPage","@id":"https:\/\/www.varhaug-misjonshus.no\/?page_id=2268","url":"https:\/\/www.varhaug-misjonshus.no\/?page_id=2268","name":"KVS Lyngdal - Varhaug Misjonshus","isPartOf":{"@id":"https:\/\/www.varhaug-misjonshus.no\/#website"},"datePublished":"2013-01-27T21:46:05+00:00","dateModified":"2013-01-27T22:13:09+00:00","breadcrumb":{"@id":"https:\/\/www.varhaug-misjonshus.no\/?page_id=2268#breadcrumb"},"inLanguage":"nb-NO","potentialAction":[{"@type":"ReadAction","target":["https:\/\/www.varhaug-misjonshus.no\/?page_id=2268"]}]},{"@type":"BreadcrumbList","@id":"https:\/\/www.varhaug-misjonshus.no\/?page_id=2268#breadcrumb","itemListElement":[{"@type":"ListItem","position":1,"name":"Hjem","item":"https:\/\/www.varhaug-misjonshus.no\/"},{"@type":"ListItem","position":2,"name":"Misjonsorganisasjoner","item":"https:\/\/www.varhaug-misjonshus.no\/?page_id=814"},{"@type":"ListItem","position":3,"name":"IMF","item":"https:\/\/www.varhaug-misjonshus.no\/?page_id=123"},{"@type":"ListItem","position":4,"name":"KVS Lyngdal"}]},{"@type":"WebSite","@id":"https:\/\/www.varhaug-misjonshus.no\/#website","url":"https:\/\/www.varhaug-misjonshus.no\/","name":"Varhaug Misjonshus","description":"Jesus er veien, sannheten og livet","publisher":{"@id":"https:\/\/www.varhaug-misjonshus.no\/#organization"},"potentialAction":[{"@type":"SearchAction","target":{"@type":"EntryPoint","urlTemplate":"https:\/\/www.varhaug-misjonshus.no\/?s={search_term_string}"},"query-input":"required name=search_term_string"}],"inLanguage":"nb-NO"},{"@type":"Organization","@id":"https:\/\/www.varhaug-misjonshus.no\/#organization","name":"Varhaug Misjonshus","url":"https:\/\/www.varhaug-misjonshus.no\/","logo":{"@type":"ImageObject","inLanguage":"nb-NO","@id":"https:\/\/www.varhaug-misjonshus.no\/#\/schema\/logo\/image\/","url":"https:\/\/www.varhaug-misjonshus.no\/wordpress\/wp-content\/uploads\/2015\/10\/altertavle-misjen-2.jpg","contentUrl":"https:\/\/www.varhaug-misjonshus.no\/wordpress\/wp-content\/uploads\/2015\/10\/altertavle-misjen-2.jpg","width":397,"height":384,"caption":"Varhaug Misjonshus"},"image":{"@id":"https:\/\/www.varhaug-misjonshus.no\/#\/schema\/logo\/image\/"}}]}},"_links":{"self":[{"href":"https:\/\/www.varhaug-misjonshus.no\/index.php?rest_route=\/wp\/v2\/pages\/2268"}],"collection":[{"href":"https:\/\/www.varhaug-misjonshus.no\/index.php?rest_route=\/wp\/v2\/pages"}],"about":[{"href":"https:\/\/www.varhaug-misjonshus.no\/index.php?rest_route=\/wp\/v2\/types\/page"}],"author":[{"embeddable":true,"href":"https:\/\/www.varhaug-misjonshus.no\/index.php?rest_route=\/wp\/v2\/users\/3"}],"replies":[{"embeddable":true,"href":"https:\/\/www.varhaug-misjonshus.no\/index.php?rest_route=%2Fwp%2Fv2%2Fcomments&post=2268"}],"version-history":[{"count":7,"href":"https:\/\/www.varhaug-misjonshus.no\/index.php?rest_route=\/wp\/v2\/pages\/2268\/revisions"}],"predecessor-version":[{"id":2285,"href":"https:\/\/www.varhaug-misjonshus.no\/index.php?rest_route=\/wp\/v2\/pages\/2268\/revisions\/2285"}],"up":[{"embeddable":true,"href":"https:\/\/www.varhaug-misjonshus.no\/index.php?rest_route=\/wp\/v2\/pages\/123"}],"wp:attachment":[{"href":"https:\/\/www.varhaug-misjonshus.no\/index.php?rest_route=%2Fwp%2Fv2%2Fmedia&parent=2268"}],"curies":[{"name":"wp","href":"https:\/\/api.w.org\/{rel}","templated":true}]}}