{"id":240,"date":"2022-01-24T10:00:38","date_gmt":"2022-01-24T08:00:38","guid":{"rendered":"http:\/\/www.varhaug-misjonshus.no\/wordpress\/?page_id=240"},"modified":"2026-01-24T18:57:28","modified_gmt":"2026-01-24T16:57:28","slug":"styret-i-misjonshuset","status":"publish","type":"page","link":"https:\/\/www.varhaug-misjonshus.no\/?page_id=240","title":{"rendered":"Misjonshusstyret"},"content":{"rendered":"<p>9<\/p>\n<p>&nbsp;<\/p>\n<p><span style=\"color: #000000; font-size: medium;\"><strong>Styret for Misjonshuset 2025-2026<\/strong><\/span><\/p>\n<p>&nbsp;<\/p>\n<table border=\"2\" summary=\"Styret for misjonshuset\">\n<tbody>\n<tr>\n<th>verv<\/th>\n<th>navn<\/th>\n<th>telefonnummer<\/th>\n<\/tr>\n<tr>\n<td>formann<\/td>\n<td>\u00a0Glenn Skretting<\/td>\n<td>99302566<\/td>\n<\/tr>\n<tr>\n<td>nestformann<\/td>\n<td>Tarald \u00c5nestad<\/td>\n<td>90637516<\/td>\n<\/tr>\n<tr>\n<td>sekret\u00e6r og WEB-ansvarlig<\/td>\n<td>Per-Arvid Jakobsen<\/td>\n<td>92617652<\/td>\n<\/tr>\n<tr>\n<td>brannvernansvar<\/td>\n<td>Asgeir Lima Olsen<\/td>\n<td>95849940<\/td>\n<\/tr>\n<tr>\n<td>n\u00f8kkelansvarlig<\/td>\n<td>Georg H\u00f8ien<\/td>\n<td>41474560<\/td>\n<\/tr>\n<tr>\n<td>innkj\u00f8p<\/td>\n<td>Tarald \u00c5nestad<\/td>\n<td>90637516<\/td>\n<\/tr>\n<tr>\n<td>styremedlemmer<\/td>\n<td>Loyd \u00c5nestad<\/td>\n<td>91539216<\/td>\n<td>Andreas Rasmussen<\/td>\n<td>95768809<\/td>\n<td>Grethe H\u00e5land<\/td>\n<td>93674616<\/td>\n<td><\/td>\n<td><\/td>\n<\/tr>\n<tr>\n<td>kasserer<\/td>\n<td>Steinar \u00c5nestad<\/td>\n<td>90202902<\/td>\n<\/tr>\n<tr>\n<td>personlige varamedlemmer<\/td>\n<td>Reidar Varhaug\u00a0 (vara for Georg)<\/td>\n<td>St\u00e5le \u00c5nestad (vara for Tarald)<\/td>\n<td>Kristian Skrettingland (vara for Per-Arvid)<\/td>\n<td>Kristian Skrettingland (vara for Andreas)<\/td>\n<td>\u00c5ge Skrettingland (vara for Glenn)<\/td>\n<td>Leif Nord-Varhaug (vara for Grethe)<\/td>\n<td>Martin Dyngeland (vara for Asgeir)<\/td>\n<td>\u00a0Asbj\u00f8rn Fauskanger (vara for loyd)<\/td>\n<\/tr>\n<\/tbody>\n<\/table>\n<p>&nbsp;<\/p>\n","protected":false},"excerpt":{"rendered":"<p>9 &nbsp; Styret for Misjonshuset 2025-2026 &nbsp; verv navn telefonnummer formann \u00a0Glenn Skretting 99302566 nestformann Tarald \u00c5nestad 90637516 sekret\u00e6r og WEB-ansvarlig Per-Arvid Jakobsen 92617652 brannvernansvar Asgeir Lima Olsen 95849940 n\u00f8kkelansvarlig Georg H\u00f8ien 41474560 innkj\u00f8p Tarald \u00c5nestad 90637516 styremedlemmer Loyd \u00c5nestad &hellip; <a href=\"https:\/\/www.varhaug-misjonshus.no\/?page_id=240\">Les videre <span class=\"meta-nav\">&rarr;<\/span><\/a><\/p>\n","protected":false},"author":2,"featured_media":0,"parent":214,"menu_order":0,"comment_status":"closed","ping_status":"open","template":"","meta":[],"yoast_head":"<!-- This site is optimized with the Yoast SEO plugin v20.2.1 - https:\/\/yoast.com\/wordpress\/plugins\/seo\/ -->\n<title>Misjonshusstyret - Varhaug Misjonshus<\/title>\n<meta name=\"robots\" content=\"index, follow, max-snippet:-1, max-image-preview:large, max-video-preview:-1\" \/>\n<link rel=\"canonical\" href=\"https:\/\/www.varhaug-misjonshus.no\/?page_id=240\" \/>\n<meta property=\"og:locale\" content=\"nb_NO\" \/>\n<meta property=\"og:type\" content=\"article\" \/>\n<meta property=\"og:title\" content=\"Misjonshusstyret - Varhaug Misjonshus\" \/>\n<meta property=\"og:description\" content=\"9 &nbsp; Styret for Misjonshuset 2025-2026 &nbsp; verv navn telefonnummer formann \u00a0Glenn Skretting 99302566 nestformann Tarald \u00c5nestad 90637516 sekret\u00e6r og WEB-ansvarlig Per-Arvid Jakobsen 92617652 brannvernansvar Asgeir Lima Olsen 95849940 n\u00f8kkelansvarlig Georg H\u00f8ien 41474560 innkj\u00f8p Tarald \u00c5nestad 90637516 styremedlemmer Loyd \u00c5nestad &hellip; Les videre &rarr;\" \/>\n<meta property=\"og:url\" content=\"https:\/\/www.varhaug-misjonshus.no\/?page_id=240\" \/>\n<meta property=\"og:site_name\" content=\"Varhaug Misjonshus\" \/>\n<meta property=\"article:modified_time\" content=\"2026-01-24T16:57:28+00:00\" \/>\n<meta name=\"twitter:card\" content=\"summary_large_image\" \/>\n<meta name=\"twitter:label1\" content=\"Ansl. lesetid\" \/>\n\t<meta name=\"twitter:data1\" content=\"1 minutt\" \/>\n<script type=\"application\/ld+json\" class=\"yoast-schema-graph\">{\"@context\":\"https:\/\/schema.org\",\"@graph\":[{\"@type\":\"WebPage\",\"@id\":\"https:\/\/www.varhaug-misjonshus.no\/?page_id=240\",\"url\":\"https:\/\/www.varhaug-misjonshus.no\/?page_id=240\",\"name\":\"Misjonshusstyret - Varhaug Misjonshus\",\"isPartOf\":{\"@id\":\"https:\/\/www.varhaug-misjonshus.no\/#website\"},\"datePublished\":\"2022-01-24T08:00:38+00:00\",\"dateModified\":\"2026-01-24T16:57:28+00:00\",\"breadcrumb\":{\"@id\":\"https:\/\/www.varhaug-misjonshus.no\/?page_id=240#breadcrumb\"},\"inLanguage\":\"nb-NO\",\"potentialAction\":[{\"@type\":\"ReadAction\",\"target\":[\"https:\/\/www.varhaug-misjonshus.no\/?page_id=240\"]}]},{\"@type\":\"BreadcrumbList\",\"@id\":\"https:\/\/www.varhaug-misjonshus.no\/?page_id=240#breadcrumb\",\"itemListElement\":[{\"@type\":\"ListItem\",\"position\":1,\"name\":\"Hjem\",\"item\":\"https:\/\/www.varhaug-misjonshus.no\/\"},{\"@type\":\"ListItem\",\"position\":2,\"name\":\"Om Misjonshuset\",\"item\":\"https:\/\/www.varhaug-misjonshus.no\/?page_id=214\"},{\"@type\":\"ListItem\",\"position\":3,\"name\":\"Misjonshusstyret\"}]},{\"@type\":\"WebSite\",\"@id\":\"https:\/\/www.varhaug-misjonshus.no\/#website\",\"url\":\"https:\/\/www.varhaug-misjonshus.no\/\",\"name\":\"Varhaug Misjonshus\",\"description\":\"Jesus er veien, sannheten og livet\",\"publisher\":{\"@id\":\"https:\/\/www.varhaug-misjonshus.no\/#organization\"},\"potentialAction\":[{\"@type\":\"SearchAction\",\"target\":{\"@type\":\"EntryPoint\",\"urlTemplate\":\"https:\/\/www.varhaug-misjonshus.no\/?s={search_term_string}\"},\"query-input\":\"required name=search_term_string\"}],\"inLanguage\":\"nb-NO\"},{\"@type\":\"Organization\",\"@id\":\"https:\/\/www.varhaug-misjonshus.no\/#organization\",\"name\":\"Varhaug Misjonshus\",\"url\":\"https:\/\/www.varhaug-misjonshus.no\/\",\"logo\":{\"@type\":\"ImageObject\",\"inLanguage\":\"nb-NO\",\"@id\":\"https:\/\/www.varhaug-misjonshus.no\/#\/schema\/logo\/image\/\",\"url\":\"https:\/\/www.varhaug-misjonshus.no\/wordpress\/wp-content\/uploads\/2015\/10\/altertavle-misjen-2.jpg\",\"contentUrl\":\"https:\/\/www.varhaug-misjonshus.no\/wordpress\/wp-content\/uploads\/2015\/10\/altertavle-misjen-2.jpg\",\"width\":397,\"height\":384,\"caption\":\"Varhaug Misjonshus\"},\"image\":{\"@id\":\"https:\/\/www.varhaug-misjonshus.no\/#\/schema\/logo\/image\/\"}}]}<\/script>\n<!-- \/ Yoast SEO plugin. -->","yoast_head_json":{"title":"Misjonshusstyret - Varhaug Misjonshus","robots":{"index":"index","follow":"follow","max-snippet":"max-snippet:-1","max-image-preview":"max-image-preview:large","max-video-preview":"max-video-preview:-1"},"canonical":"https:\/\/www.varhaug-misjonshus.no\/?page_id=240","og_locale":"nb_NO","og_type":"article","og_title":"Misjonshusstyret - Varhaug Misjonshus","og_description":"9 &nbsp; Styret for Misjonshuset 2025-2026 &nbsp; verv navn telefonnummer formann \u00a0Glenn Skretting 99302566 nestformann Tarald \u00c5nestad 90637516 sekret\u00e6r og WEB-ansvarlig Per-Arvid Jakobsen 92617652 brannvernansvar Asgeir Lima Olsen 95849940 n\u00f8kkelansvarlig Georg H\u00f8ien 41474560 innkj\u00f8p Tarald \u00c5nestad 90637516 styremedlemmer Loyd \u00c5nestad &hellip; Les videre &rarr;","og_url":"https:\/\/www.varhaug-misjonshus.no\/?page_id=240","og_site_name":"Varhaug Misjonshus","article_modified_time":"2026-01-24T16:57:28+00:00","twitter_card":"summary_large_image","twitter_misc":{"Ansl. lesetid":"1 minutt"},"schema":{"@context":"https:\/\/schema.org","@graph":[{"@type":"WebPage","@id":"https:\/\/www.varhaug-misjonshus.no\/?page_id=240","url":"https:\/\/www.varhaug-misjonshus.no\/?page_id=240","name":"Misjonshusstyret - Varhaug Misjonshus","isPartOf":{"@id":"https:\/\/www.varhaug-misjonshus.no\/#website"},"datePublished":"2022-01-24T08:00:38+00:00","dateModified":"2026-01-24T16:57:28+00:00","breadcrumb":{"@id":"https:\/\/www.varhaug-misjonshus.no\/?page_id=240#breadcrumb"},"inLanguage":"nb-NO","potentialAction":[{"@type":"ReadAction","target":["https:\/\/www.varhaug-misjonshus.no\/?page_id=240"]}]},{"@type":"BreadcrumbList","@id":"https:\/\/www.varhaug-misjonshus.no\/?page_id=240#breadcrumb","itemListElement":[{"@type":"ListItem","position":1,"name":"Hjem","item":"https:\/\/www.varhaug-misjonshus.no\/"},{"@type":"ListItem","position":2,"name":"Om Misjonshuset","item":"https:\/\/www.varhaug-misjonshus.no\/?page_id=214"},{"@type":"ListItem","position":3,"name":"Misjonshusstyret"}]},{"@type":"WebSite","@id":"https:\/\/www.varhaug-misjonshus.no\/#website","url":"https:\/\/www.varhaug-misjonshus.no\/","name":"Varhaug Misjonshus","description":"Jesus er veien, sannheten og livet","publisher":{"@id":"https:\/\/www.varhaug-misjonshus.no\/#organization"},"potentialAction":[{"@type":"SearchAction","target":{"@type":"EntryPoint","urlTemplate":"https:\/\/www.varhaug-misjonshus.no\/?s={search_term_string}"},"query-input":"required name=search_term_string"}],"inLanguage":"nb-NO"},{"@type":"Organization","@id":"https:\/\/www.varhaug-misjonshus.no\/#organization","name":"Varhaug Misjonshus","url":"https:\/\/www.varhaug-misjonshus.no\/","logo":{"@type":"ImageObject","inLanguage":"nb-NO","@id":"https:\/\/www.varhaug-misjonshus.no\/#\/schema\/logo\/image\/","url":"https:\/\/www.varhaug-misjonshus.no\/wordpress\/wp-content\/uploads\/2015\/10\/altertavle-misjen-2.jpg","contentUrl":"https:\/\/www.varhaug-misjonshus.no\/wordpress\/wp-content\/uploads\/2015\/10\/altertavle-misjen-2.jpg","width":397,"height":384,"caption":"Varhaug Misjonshus"},"image":{"@id":"https:\/\/www.varhaug-misjonshus.no\/#\/schema\/logo\/image\/"}}]}},"_links":{"self":[{"href":"https:\/\/www.varhaug-misjonshus.no\/index.php?rest_route=\/wp\/v2\/pages\/240"}],"collection":[{"href":"https:\/\/www.varhaug-misjonshus.no\/index.php?rest_route=\/wp\/v2\/pages"}],"about":[{"href":"https:\/\/www.varhaug-misjonshus.no\/index.php?rest_route=\/wp\/v2\/types\/page"}],"author":[{"embeddable":true,"href":"https:\/\/www.varhaug-misjonshus.no\/index.php?rest_route=\/wp\/v2\/users\/2"}],"replies":[{"embeddable":true,"href":"https:\/\/www.varhaug-misjonshus.no\/index.php?rest_route=%2Fwp%2Fv2%2Fcomments&post=240"}],"version-history":[{"count":13,"href":"https:\/\/www.varhaug-misjonshus.no\/index.php?rest_route=\/wp\/v2\/pages\/240\/revisions"}],"predecessor-version":[{"id":14583,"href":"https:\/\/www.varhaug-misjonshus.no\/index.php?rest_route=\/wp\/v2\/pages\/240\/revisions\/14583"}],"up":[{"embeddable":true,"href":"https:\/\/www.varhaug-misjonshus.no\/index.php?rest_route=\/wp\/v2\/pages\/214"}],"wp:attachment":[{"href":"https:\/\/www.varhaug-misjonshus.no\/index.php?rest_route=%2Fwp%2Fv2%2Fmedia&parent=240"}],"curies":[{"name":"wp","href":"https:\/\/api.w.org\/{rel}","templated":true}]}}