{"id":7203,"date":"2018-08-02T21:33:27","date_gmt":"2018-08-02T20:33:27","guid":{"rendered":"http:\/\/www.varhaug-misjonshus.no\/?page_id=7203"},"modified":"2025-02-21T10:00:48","modified_gmt":"2025-02-21T08:00:48","slug":"awana","status":"publish","type":"page","link":"https:\/\/www.varhaug-misjonshus.no\/?page_id=7203","title":{"rendered":"Awana"},"content":{"rendered":"<p><a href=\"https:\/\/www.awana.no\/\" target=\"_blank\" rel=\"noopener noreferrer\"><img decoding=\"async\" loading=\"lazy\" class=\"aligncenter wp-image-7206 size-full\" src=\"http:\/\/www.varhaug-misjonshus.no\/wordpress\/wp-content\/uploads\/2018\/09\/Awana.jpg\" alt=\"\" width=\"960\" height=\"480\" srcset=\"https:\/\/www.varhaug-misjonshus.no\/wordpress\/wp-content\/uploads\/2018\/09\/Awana.jpg 960w, https:\/\/www.varhaug-misjonshus.no\/wordpress\/wp-content\/uploads\/2018\/09\/Awana-300x150.jpg 300w, https:\/\/www.varhaug-misjonshus.no\/wordpress\/wp-content\/uploads\/2018\/09\/Awana-768x384.jpg 768w\" sizes=\"(max-width: 960px) 100vw, 960px\" \/><\/a>Sj\u00e5 facebokside: <a href=\"https:\/\/www.facebook.com\/Awana-Varhaug-103754947659067\/\" target=\"_blank\" rel=\"noopener noreferrer\">Awana Varhaug<\/a><\/p>\n<div dir=\"auto\">\n<div dir=\"auto\">\n<p>Awana Varhaug har samlingar p\u00e5 Varhaug Misjonshus i partalsveker n\u00e5r det er gudsteneste i Sentrum Menighet.<\/p>\n<p>Awana startar p\u00e5 gudstenesta kl. 11.00. D\u00e5 er vi felles store og sm\u00e5 med blant anna song og b\u00f8nn. Viss du vil koma direkte til Awanagruppene s\u00e5 er dei fr\u00e5 11.20 &#8211; 11.30<\/p>\n<p><span style=\"font-size: 16px;\">ALDRANE SINE PLASSER :<\/span><\/p>\n<\/div>\n<\/div>\n<p><span class=\"pq6dq46d tbxw36s4 knj5qynh kvgmc6g5 ditlmg2l oygrvhab nvdbi5me sf5mxxl7 gl3lb2sf hhz5lgdu\"><img decoding=\"async\" loading=\"lazy\" src=\"https:\/\/static.xx.fbcdn.net\/images\/emoji.php\/v9\/t6c\/1\/16\/1f499.png\" alt=\"\ud83d\udc99\" width=\"16\" height=\"16\" \/><\/span>Puggles (0 \u2013 3 \u00e5r) i mingleomr\u00e5det<\/p>\n<p><span class=\"pq6dq46d tbxw36s4 knj5qynh kvgmc6g5 ditlmg2l oygrvhab nvdbi5me sf5mxxl7 gl3lb2sf hhz5lgdu\"><img decoding=\"async\" loading=\"lazy\" src=\"https:\/\/static.xx.fbcdn.net\/images\/emoji.php\/v9\/t94\/1\/16\/1f49a.png\" alt=\"\ud83d\udc9a\" width=\"16\" height=\"16\" \/><\/span>Cubbies (4\u00e5r \u2013 1.kl) i barnekjelleren<\/p>\n<p><span class=\"pq6dq46d tbxw36s4 knj5qynh kvgmc6g5 ditlmg2l oygrvhab nvdbi5me sf5mxxl7 gl3lb2sf hhz5lgdu\"><img decoding=\"async\" loading=\"lazy\" src=\"https:\/\/static.xx.fbcdn.net\/images\/emoji.php\/v9\/t15\/1\/16\/1f49b.png\" alt=\"\ud83d\udc9b\" width=\"16\" height=\"16\" \/><\/span>Sparks (2. \u2013 4.kl) i matsal<\/p>\n<p><span class=\"pq6dq46d tbxw36s4 knj5qynh kvgmc6g5 ditlmg2l oygrvhab nvdbi5me sf5mxxl7 gl3lb2sf hhz5lgdu\"><img decoding=\"async\" loading=\"lazy\" src=\"https:\/\/static.xx.fbcdn.net\/images\/emoji.php\/v9\/t0\/1\/16\/1f5a4.png\" alt=\"\ud83d\udda4\" width=\"16\" height=\"16\" \/> T&amp;T (5. &#8211; 7kl.) p\u00e5 ungdomsloftet<\/span><\/p>\n<p><img decoding=\"async\" src=\"https:\/\/static.xx.fbcdn.net\/images\/emoji.php\/v9\/t6c\/1\/16\/1f499.png\" alt=\"\ud83d\udc99\" \/>\u00a0Trek\/ Awana Ungdom (8.kl og oppover) i gymsalen p\u00e5 barneskulen<br \/>\n(Aldersinndelinga fylgjer skule\u00e5ra\/ \u00e5rskull)<\/p>\n<p><span class=\"pq6dq46d tbxw36s4 knj5qynh kvgmc6g5 ditlmg2l oygrvhab nvdbi5me sf5mxxl7 gl3lb2sf hhz5lgdu\"><img decoding=\"async\" loading=\"lazy\" src=\"https:\/\/static.xx.fbcdn.net\/images\/emoji.php\/v9\/t6c\/1\/16\/2764.png\" alt=\"\u2764\ufe0f\" width=\"16\" height=\"16\" \/> <\/span>Gudstenesta nyttar m\u00f8tesalen.<\/p>\n<p>&#8212;&#8212;&#8212;&#8212;&#8212;&#8212;&#8212;&#8212;&#8212;&#8212;&#8212;&#8212;&#8212;&#8212;&#8212;&#8212;&#8212;&#8212;&#8212;&#8212;&#8212;&#8212;&#8212;&#8212;&#8212;&#8212;&#8212;&#8212;&#8212;&#8212;&#8212;&#8212;&#8212;&#8212;&#8212;-<\/p>\n<p><b><i>Awana Varhaug sin visjon og fokus er \u00e5 hjelpa barn og unge til \u00e5 kjenna, elska og tene Jesus Kristus.<\/i><\/b><\/p>\n<p>For meir informasjon om Awana sj\u00e5\u00a0<a href=\"http:\/\/awana.no\/\" target=\"_blank\" rel=\"noopener\">Awana.no<\/a><\/p>\n<p><iframe loading=\"lazy\" title=\"YouTube video player\" src=\"https:\/\/www.youtube.com\/embed\/JkEn7CPPO6I\" width=\"560\" height=\"315\" frameborder=\"0\" allowfullscreen=\"allowfullscreen\" data-mce-fragment=\"1\"><\/iframe><\/p>\n<p>Awanastyret: Gina Ueland, Thomas Vagle, Tone Elin Braut Liene,\u00a0 \u00a0 \u00a0 \u00a0 \u00a0 \u00a0 \u00a0 \u00a0 \u00a0 \u00a0 \u00a0 \u00a0 \u00a0 \u00a0 \u00a0 \u00a0 \u00a0 \u00a0 \u00a0 \u00a0 \u00a0 \u00a0 \u00a0 \u00a0 \u00a0 \u00a0 \u00a0 \u00a0 \u00a0 \u00a0 \u00a0 \u00a0 \u00a0 \u00a0 \u00a0 \u00a0Ivar H\u00e5land og Lillian Skretting<\/p>\n<p>Kontaktperson Awana:<br \/>\nGina Ueland \u2013 tlf 478 70\u00a0409<\/p>\n","protected":false},"excerpt":{"rendered":"<p>Sj\u00e5 facebokside: Awana Varhaug Awana Varhaug har samlingar p\u00e5 Varhaug Misjonshus i partalsveker n\u00e5r det er gudsteneste i Sentrum Menighet. Awana startar p\u00e5 gudstenesta kl. 11.00. D\u00e5 er vi felles store og sm\u00e5 med blant anna song og b\u00f8nn. Viss &hellip; <a href=\"https:\/\/www.varhaug-misjonshus.no\/?page_id=7203\">Les videre <span class=\"meta-nav\">&rarr;<\/span><\/a><\/p>\n","protected":false},"author":3,"featured_media":0,"parent":211,"menu_order":2,"comment_status":"closed","ping_status":"closed","template":"","meta":[],"yoast_head":"<!-- This site is optimized with the Yoast SEO plugin v20.2.1 - https:\/\/yoast.com\/wordpress\/plugins\/seo\/ -->\n<title>Awana - Varhaug Misjonshus<\/title>\n<meta name=\"robots\" content=\"index, follow, max-snippet:-1, max-image-preview:large, max-video-preview:-1\" \/>\n<link rel=\"canonical\" href=\"https:\/\/www.varhaug-misjonshus.no\/?page_id=7203\" \/>\n<meta property=\"og:locale\" content=\"nb_NO\" \/>\n<meta property=\"og:type\" content=\"article\" \/>\n<meta property=\"og:title\" content=\"Awana - Varhaug Misjonshus\" \/>\n<meta property=\"og:description\" content=\"Sj\u00e5 facebokside: Awana Varhaug Awana Varhaug har samlingar p\u00e5 Varhaug Misjonshus i partalsveker n\u00e5r det er gudsteneste i Sentrum Menighet. Awana startar p\u00e5 gudstenesta kl. 11.00. D\u00e5 er vi felles store og sm\u00e5 med blant anna song og b\u00f8nn. Viss &hellip; Les videre &rarr;\" \/>\n<meta property=\"og:url\" content=\"https:\/\/www.varhaug-misjonshus.no\/?page_id=7203\" \/>\n<meta property=\"og:site_name\" content=\"Varhaug Misjonshus\" \/>\n<meta property=\"article:modified_time\" content=\"2025-02-21T08:00:48+00:00\" \/>\n<meta property=\"og:image\" content=\"http:\/\/www.varhaug-misjonshus.no\/wordpress\/wp-content\/uploads\/2018\/09\/Awana.jpg\" \/>\n<meta name=\"twitter:card\" content=\"summary_large_image\" \/>\n<meta name=\"twitter:label1\" content=\"Ansl. lesetid\" \/>\n\t<meta name=\"twitter:data1\" content=\"3 minutter\" \/>\n<script type=\"application\/ld+json\" class=\"yoast-schema-graph\">{\"@context\":\"https:\/\/schema.org\",\"@graph\":[{\"@type\":\"WebPage\",\"@id\":\"https:\/\/www.varhaug-misjonshus.no\/?page_id=7203\",\"url\":\"https:\/\/www.varhaug-misjonshus.no\/?page_id=7203\",\"name\":\"Awana - Varhaug Misjonshus\",\"isPartOf\":{\"@id\":\"https:\/\/www.varhaug-misjonshus.no\/#website\"},\"datePublished\":\"2018-08-02T20:33:27+00:00\",\"dateModified\":\"2025-02-21T08:00:48+00:00\",\"breadcrumb\":{\"@id\":\"https:\/\/www.varhaug-misjonshus.no\/?page_id=7203#breadcrumb\"},\"inLanguage\":\"nb-NO\",\"potentialAction\":[{\"@type\":\"ReadAction\",\"target\":[\"https:\/\/www.varhaug-misjonshus.no\/?page_id=7203\"]}]},{\"@type\":\"BreadcrumbList\",\"@id\":\"https:\/\/www.varhaug-misjonshus.no\/?page_id=7203#breadcrumb\",\"itemListElement\":[{\"@type\":\"ListItem\",\"position\":1,\"name\":\"Hjem\",\"item\":\"https:\/\/www.varhaug-misjonshus.no\/\"},{\"@type\":\"ListItem\",\"position\":2,\"name\":\"Barn\",\"item\":\"https:\/\/www.varhaug-misjonshus.no\/?page_id=211\"},{\"@type\":\"ListItem\",\"position\":3,\"name\":\"Awana\"}]},{\"@type\":\"WebSite\",\"@id\":\"https:\/\/www.varhaug-misjonshus.no\/#website\",\"url\":\"https:\/\/www.varhaug-misjonshus.no\/\",\"name\":\"Varhaug Misjonshus\",\"description\":\"Jesus er veien, sannheten og livet\",\"publisher\":{\"@id\":\"https:\/\/www.varhaug-misjonshus.no\/#organization\"},\"potentialAction\":[{\"@type\":\"SearchAction\",\"target\":{\"@type\":\"EntryPoint\",\"urlTemplate\":\"https:\/\/www.varhaug-misjonshus.no\/?s={search_term_string}\"},\"query-input\":\"required name=search_term_string\"}],\"inLanguage\":\"nb-NO\"},{\"@type\":\"Organization\",\"@id\":\"https:\/\/www.varhaug-misjonshus.no\/#organization\",\"name\":\"Varhaug Misjonshus\",\"url\":\"https:\/\/www.varhaug-misjonshus.no\/\",\"logo\":{\"@type\":\"ImageObject\",\"inLanguage\":\"nb-NO\",\"@id\":\"https:\/\/www.varhaug-misjonshus.no\/#\/schema\/logo\/image\/\",\"url\":\"https:\/\/www.varhaug-misjonshus.no\/wordpress\/wp-content\/uploads\/2015\/10\/altertavle-misjen-2.jpg\",\"contentUrl\":\"https:\/\/www.varhaug-misjonshus.no\/wordpress\/wp-content\/uploads\/2015\/10\/altertavle-misjen-2.jpg\",\"width\":397,\"height\":384,\"caption\":\"Varhaug Misjonshus\"},\"image\":{\"@id\":\"https:\/\/www.varhaug-misjonshus.no\/#\/schema\/logo\/image\/\"}}]}<\/script>\n<!-- \/ Yoast SEO plugin. -->","yoast_head_json":{"title":"Awana - Varhaug Misjonshus","robots":{"index":"index","follow":"follow","max-snippet":"max-snippet:-1","max-image-preview":"max-image-preview:large","max-video-preview":"max-video-preview:-1"},"canonical":"https:\/\/www.varhaug-misjonshus.no\/?page_id=7203","og_locale":"nb_NO","og_type":"article","og_title":"Awana - Varhaug Misjonshus","og_description":"Sj\u00e5 facebokside: Awana Varhaug Awana Varhaug har samlingar p\u00e5 Varhaug Misjonshus i partalsveker n\u00e5r det er gudsteneste i Sentrum Menighet. Awana startar p\u00e5 gudstenesta kl. 11.00. D\u00e5 er vi felles store og sm\u00e5 med blant anna song og b\u00f8nn. Viss &hellip; Les videre &rarr;","og_url":"https:\/\/www.varhaug-misjonshus.no\/?page_id=7203","og_site_name":"Varhaug Misjonshus","article_modified_time":"2025-02-21T08:00:48+00:00","og_image":[{"url":"http:\/\/www.varhaug-misjonshus.no\/wordpress\/wp-content\/uploads\/2018\/09\/Awana.jpg"}],"twitter_card":"summary_large_image","twitter_misc":{"Ansl. lesetid":"3 minutter"},"schema":{"@context":"https:\/\/schema.org","@graph":[{"@type":"WebPage","@id":"https:\/\/www.varhaug-misjonshus.no\/?page_id=7203","url":"https:\/\/www.varhaug-misjonshus.no\/?page_id=7203","name":"Awana - Varhaug Misjonshus","isPartOf":{"@id":"https:\/\/www.varhaug-misjonshus.no\/#website"},"datePublished":"2018-08-02T20:33:27+00:00","dateModified":"2025-02-21T08:00:48+00:00","breadcrumb":{"@id":"https:\/\/www.varhaug-misjonshus.no\/?page_id=7203#breadcrumb"},"inLanguage":"nb-NO","potentialAction":[{"@type":"ReadAction","target":["https:\/\/www.varhaug-misjonshus.no\/?page_id=7203"]}]},{"@type":"BreadcrumbList","@id":"https:\/\/www.varhaug-misjonshus.no\/?page_id=7203#breadcrumb","itemListElement":[{"@type":"ListItem","position":1,"name":"Hjem","item":"https:\/\/www.varhaug-misjonshus.no\/"},{"@type":"ListItem","position":2,"name":"Barn","item":"https:\/\/www.varhaug-misjonshus.no\/?page_id=211"},{"@type":"ListItem","position":3,"name":"Awana"}]},{"@type":"WebSite","@id":"https:\/\/www.varhaug-misjonshus.no\/#website","url":"https:\/\/www.varhaug-misjonshus.no\/","name":"Varhaug Misjonshus","description":"Jesus er veien, sannheten og livet","publisher":{"@id":"https:\/\/www.varhaug-misjonshus.no\/#organization"},"potentialAction":[{"@type":"SearchAction","target":{"@type":"EntryPoint","urlTemplate":"https:\/\/www.varhaug-misjonshus.no\/?s={search_term_string}"},"query-input":"required name=search_term_string"}],"inLanguage":"nb-NO"},{"@type":"Organization","@id":"https:\/\/www.varhaug-misjonshus.no\/#organization","name":"Varhaug Misjonshus","url":"https:\/\/www.varhaug-misjonshus.no\/","logo":{"@type":"ImageObject","inLanguage":"nb-NO","@id":"https:\/\/www.varhaug-misjonshus.no\/#\/schema\/logo\/image\/","url":"https:\/\/www.varhaug-misjonshus.no\/wordpress\/wp-content\/uploads\/2015\/10\/altertavle-misjen-2.jpg","contentUrl":"https:\/\/www.varhaug-misjonshus.no\/wordpress\/wp-content\/uploads\/2015\/10\/altertavle-misjen-2.jpg","width":397,"height":384,"caption":"Varhaug Misjonshus"},"image":{"@id":"https:\/\/www.varhaug-misjonshus.no\/#\/schema\/logo\/image\/"}}]}},"_links":{"self":[{"href":"https:\/\/www.varhaug-misjonshus.no\/index.php?rest_route=\/wp\/v2\/pages\/7203"}],"collection":[{"href":"https:\/\/www.varhaug-misjonshus.no\/index.php?rest_route=\/wp\/v2\/pages"}],"about":[{"href":"https:\/\/www.varhaug-misjonshus.no\/index.php?rest_route=\/wp\/v2\/types\/page"}],"author":[{"embeddable":true,"href":"https:\/\/www.varhaug-misjonshus.no\/index.php?rest_route=\/wp\/v2\/users\/3"}],"replies":[{"embeddable":true,"href":"https:\/\/www.varhaug-misjonshus.no\/index.php?rest_route=%2Fwp%2Fv2%2Fcomments&post=7203"}],"version-history":[{"count":42,"href":"https:\/\/www.varhaug-misjonshus.no\/index.php?rest_route=\/wp\/v2\/pages\/7203\/revisions"}],"predecessor-version":[{"id":13444,"href":"https:\/\/www.varhaug-misjonshus.no\/index.php?rest_route=\/wp\/v2\/pages\/7203\/revisions\/13444"}],"up":[{"embeddable":true,"href":"https:\/\/www.varhaug-misjonshus.no\/index.php?rest_route=\/wp\/v2\/pages\/211"}],"wp:attachment":[{"href":"https:\/\/www.varhaug-misjonshus.no\/index.php?rest_route=%2Fwp%2Fv2%2Fmedia&parent=7203"}],"curies":[{"name":"wp","href":"https:\/\/api.w.org\/{rel}","templated":true}]}}