{"id":8575,"date":"2020-09-29T11:25:39","date_gmt":"2020-09-29T10:25:39","guid":{"rendered":"https:\/\/www.varhaug-misjonshus.no\/?page_id=8575"},"modified":"2020-11-18T21:14:47","modified_gmt":"2020-11-18T20:14:47","slug":"misjonshusets-arsmoter","status":"publish","type":"page","link":"https:\/\/www.varhaug-misjonshus.no\/?page_id=8575","title":{"rendered":"Misjonshusets \u00e5rsm\u00f8ter"},"content":{"rendered":"<p>Misjonshuset sine \u00e5rsm\u00f8ter har v\u00e6rt holdt i slutten av februar eller i mars. M\u00f8tene etter 1960 er n\u00e5 lagt inn digitalt og gjort tilgjengelig som pdf-filer. Dette gjelder innkalling, referat, formannskomitereferater og ekstraordin\u00e6\u00f8re \u00e5rsm\u00f8ter. Regnskaper vil bli lagt inn s\u00e5fremt de finnes p\u00e5 skriftlig form. Tidligere \u00e5rsm\u00f8ter vil bli lagt inn senere.<\/p>\n<p>Merk: referat fra \u00e5rsm\u00f8tet for 2014 (12\/3-2015) mangler. Den som har et eksemplar av dette \u00e5rsm\u00f8tereferatet kan kontakte sekret\u00e6ren p\u00e5 post@varhaug-misjonshus.no slik at han kan f\u00e5 det, scanne det og legge det inn i oversikten.<\/p>\n<p>Merk ogs\u00e5: \u00c5rsmeldinger,\u00a0 regnskaper og historiske dokumenter som prologer og avisartikler som ligger i styreprotokollene blir scannet og lagt inn som PDF-dokumenter i arkivet under denne fanen. Dersom de som var med i styrene tidligere kan finne kopier av dokument som mangler eller burde v\u00e6rt med i samlingen s\u00e5 vil jeg gjerne f\u00e5 l\u00e5ne og scanne slik at samlingen kan bli komplett. Med hilsen, Per-Arvid<\/p>\n<p><a href=\"https:\/\/www.varhaug-misjonshus.no\/filer\/aarsmoter\/oversikt.html\">se oversikt<\/a><\/p>\n<p>&nbsp;<\/p>\n","protected":false},"excerpt":{"rendered":"<p>Misjonshuset sine \u00e5rsm\u00f8ter har v\u00e6rt holdt i slutten av februar eller i mars. M\u00f8tene etter 1960 er n\u00e5 lagt inn digitalt og gjort tilgjengelig som pdf-filer. Dette gjelder innkalling, referat, formannskomitereferater og ekstraordin\u00e6\u00f8re \u00e5rsm\u00f8ter. Regnskaper vil bli lagt inn s\u00e5fremt &hellip; <a href=\"https:\/\/www.varhaug-misjonshus.no\/?page_id=8575\">Les videre <span class=\"meta-nav\">&rarr;<\/span><\/a><\/p>\n","protected":false},"author":5,"featured_media":0,"parent":8888,"menu_order":2,"comment_status":"closed","ping_status":"closed","template":"","meta":[],"yoast_head":"<!-- This site is optimized with the Yoast SEO plugin v20.2.1 - https:\/\/yoast.com\/wordpress\/plugins\/seo\/ -->\n<title>Misjonshusets \u00e5rsm\u00f8ter - Varhaug Misjonshus<\/title>\n<meta name=\"robots\" content=\"index, follow, max-snippet:-1, max-image-preview:large, max-video-preview:-1\" \/>\n<link rel=\"canonical\" href=\"https:\/\/www.varhaug-misjonshus.no\/?page_id=8575\" \/>\n<meta property=\"og:locale\" content=\"nb_NO\" \/>\n<meta property=\"og:type\" content=\"article\" \/>\n<meta property=\"og:title\" content=\"Misjonshusets \u00e5rsm\u00f8ter - Varhaug Misjonshus\" \/>\n<meta property=\"og:description\" content=\"Misjonshuset sine \u00e5rsm\u00f8ter har v\u00e6rt holdt i slutten av februar eller i mars. M\u00f8tene etter 1960 er n\u00e5 lagt inn digitalt og gjort tilgjengelig som pdf-filer. Dette gjelder innkalling, referat, formannskomitereferater og ekstraordin\u00e6\u00f8re \u00e5rsm\u00f8ter. Regnskaper vil bli lagt inn s\u00e5fremt &hellip; Les videre &rarr;\" \/>\n<meta property=\"og:url\" content=\"https:\/\/www.varhaug-misjonshus.no\/?page_id=8575\" \/>\n<meta property=\"og:site_name\" content=\"Varhaug Misjonshus\" \/>\n<meta property=\"article:modified_time\" content=\"2020-11-18T20:14:47+00:00\" \/>\n<meta name=\"twitter:card\" content=\"summary_large_image\" \/>\n<meta name=\"twitter:label1\" content=\"Ansl. lesetid\" \/>\n\t<meta name=\"twitter:data1\" content=\"1 minutt\" \/>\n<script type=\"application\/ld+json\" class=\"yoast-schema-graph\">{\"@context\":\"https:\/\/schema.org\",\"@graph\":[{\"@type\":\"WebPage\",\"@id\":\"https:\/\/www.varhaug-misjonshus.no\/?page_id=8575\",\"url\":\"https:\/\/www.varhaug-misjonshus.no\/?page_id=8575\",\"name\":\"Misjonshusets \u00e5rsm\u00f8ter - Varhaug Misjonshus\",\"isPartOf\":{\"@id\":\"https:\/\/www.varhaug-misjonshus.no\/#website\"},\"datePublished\":\"2020-09-29T10:25:39+00:00\",\"dateModified\":\"2020-11-18T20:14:47+00:00\",\"breadcrumb\":{\"@id\":\"https:\/\/www.varhaug-misjonshus.no\/?page_id=8575#breadcrumb\"},\"inLanguage\":\"nb-NO\",\"potentialAction\":[{\"@type\":\"ReadAction\",\"target\":[\"https:\/\/www.varhaug-misjonshus.no\/?page_id=8575\"]}]},{\"@type\":\"BreadcrumbList\",\"@id\":\"https:\/\/www.varhaug-misjonshus.no\/?page_id=8575#breadcrumb\",\"itemListElement\":[{\"@type\":\"ListItem\",\"position\":1,\"name\":\"Hjem\",\"item\":\"https:\/\/www.varhaug-misjonshus.no\/\"},{\"@type\":\"ListItem\",\"position\":2,\"name\":\"Arkivet\",\"item\":\"https:\/\/www.varhaug-misjonshus.no\/?page_id=8888\"},{\"@type\":\"ListItem\",\"position\":3,\"name\":\"Misjonshusets \u00e5rsm\u00f8ter\"}]},{\"@type\":\"WebSite\",\"@id\":\"https:\/\/www.varhaug-misjonshus.no\/#website\",\"url\":\"https:\/\/www.varhaug-misjonshus.no\/\",\"name\":\"Varhaug Misjonshus\",\"description\":\"Jesus er veien, sannheten og livet\",\"publisher\":{\"@id\":\"https:\/\/www.varhaug-misjonshus.no\/#organization\"},\"potentialAction\":[{\"@type\":\"SearchAction\",\"target\":{\"@type\":\"EntryPoint\",\"urlTemplate\":\"https:\/\/www.varhaug-misjonshus.no\/?s={search_term_string}\"},\"query-input\":\"required name=search_term_string\"}],\"inLanguage\":\"nb-NO\"},{\"@type\":\"Organization\",\"@id\":\"https:\/\/www.varhaug-misjonshus.no\/#organization\",\"name\":\"Varhaug Misjonshus\",\"url\":\"https:\/\/www.varhaug-misjonshus.no\/\",\"logo\":{\"@type\":\"ImageObject\",\"inLanguage\":\"nb-NO\",\"@id\":\"https:\/\/www.varhaug-misjonshus.no\/#\/schema\/logo\/image\/\",\"url\":\"https:\/\/www.varhaug-misjonshus.no\/wordpress\/wp-content\/uploads\/2015\/10\/altertavle-misjen-2.jpg\",\"contentUrl\":\"https:\/\/www.varhaug-misjonshus.no\/wordpress\/wp-content\/uploads\/2015\/10\/altertavle-misjen-2.jpg\",\"width\":397,\"height\":384,\"caption\":\"Varhaug Misjonshus\"},\"image\":{\"@id\":\"https:\/\/www.varhaug-misjonshus.no\/#\/schema\/logo\/image\/\"}}]}<\/script>\n<!-- \/ Yoast SEO plugin. -->","yoast_head_json":{"title":"Misjonshusets \u00e5rsm\u00f8ter - Varhaug Misjonshus","robots":{"index":"index","follow":"follow","max-snippet":"max-snippet:-1","max-image-preview":"max-image-preview:large","max-video-preview":"max-video-preview:-1"},"canonical":"https:\/\/www.varhaug-misjonshus.no\/?page_id=8575","og_locale":"nb_NO","og_type":"article","og_title":"Misjonshusets \u00e5rsm\u00f8ter - Varhaug Misjonshus","og_description":"Misjonshuset sine \u00e5rsm\u00f8ter har v\u00e6rt holdt i slutten av februar eller i mars. M\u00f8tene etter 1960 er n\u00e5 lagt inn digitalt og gjort tilgjengelig som pdf-filer. Dette gjelder innkalling, referat, formannskomitereferater og ekstraordin\u00e6\u00f8re \u00e5rsm\u00f8ter. Regnskaper vil bli lagt inn s\u00e5fremt &hellip; Les videre &rarr;","og_url":"https:\/\/www.varhaug-misjonshus.no\/?page_id=8575","og_site_name":"Varhaug Misjonshus","article_modified_time":"2020-11-18T20:14:47+00:00","twitter_card":"summary_large_image","twitter_misc":{"Ansl. lesetid":"1 minutt"},"schema":{"@context":"https:\/\/schema.org","@graph":[{"@type":"WebPage","@id":"https:\/\/www.varhaug-misjonshus.no\/?page_id=8575","url":"https:\/\/www.varhaug-misjonshus.no\/?page_id=8575","name":"Misjonshusets \u00e5rsm\u00f8ter - Varhaug Misjonshus","isPartOf":{"@id":"https:\/\/www.varhaug-misjonshus.no\/#website"},"datePublished":"2020-09-29T10:25:39+00:00","dateModified":"2020-11-18T20:14:47+00:00","breadcrumb":{"@id":"https:\/\/www.varhaug-misjonshus.no\/?page_id=8575#breadcrumb"},"inLanguage":"nb-NO","potentialAction":[{"@type":"ReadAction","target":["https:\/\/www.varhaug-misjonshus.no\/?page_id=8575"]}]},{"@type":"BreadcrumbList","@id":"https:\/\/www.varhaug-misjonshus.no\/?page_id=8575#breadcrumb","itemListElement":[{"@type":"ListItem","position":1,"name":"Hjem","item":"https:\/\/www.varhaug-misjonshus.no\/"},{"@type":"ListItem","position":2,"name":"Arkivet","item":"https:\/\/www.varhaug-misjonshus.no\/?page_id=8888"},{"@type":"ListItem","position":3,"name":"Misjonshusets \u00e5rsm\u00f8ter"}]},{"@type":"WebSite","@id":"https:\/\/www.varhaug-misjonshus.no\/#website","url":"https:\/\/www.varhaug-misjonshus.no\/","name":"Varhaug Misjonshus","description":"Jesus er veien, sannheten og livet","publisher":{"@id":"https:\/\/www.varhaug-misjonshus.no\/#organization"},"potentialAction":[{"@type":"SearchAction","target":{"@type":"EntryPoint","urlTemplate":"https:\/\/www.varhaug-misjonshus.no\/?s={search_term_string}"},"query-input":"required name=search_term_string"}],"inLanguage":"nb-NO"},{"@type":"Organization","@id":"https:\/\/www.varhaug-misjonshus.no\/#organization","name":"Varhaug Misjonshus","url":"https:\/\/www.varhaug-misjonshus.no\/","logo":{"@type":"ImageObject","inLanguage":"nb-NO","@id":"https:\/\/www.varhaug-misjonshus.no\/#\/schema\/logo\/image\/","url":"https:\/\/www.varhaug-misjonshus.no\/wordpress\/wp-content\/uploads\/2015\/10\/altertavle-misjen-2.jpg","contentUrl":"https:\/\/www.varhaug-misjonshus.no\/wordpress\/wp-content\/uploads\/2015\/10\/altertavle-misjen-2.jpg","width":397,"height":384,"caption":"Varhaug Misjonshus"},"image":{"@id":"https:\/\/www.varhaug-misjonshus.no\/#\/schema\/logo\/image\/"}}]}},"_links":{"self":[{"href":"https:\/\/www.varhaug-misjonshus.no\/index.php?rest_route=\/wp\/v2\/pages\/8575"}],"collection":[{"href":"https:\/\/www.varhaug-misjonshus.no\/index.php?rest_route=\/wp\/v2\/pages"}],"about":[{"href":"https:\/\/www.varhaug-misjonshus.no\/index.php?rest_route=\/wp\/v2\/types\/page"}],"author":[{"embeddable":true,"href":"https:\/\/www.varhaug-misjonshus.no\/index.php?rest_route=\/wp\/v2\/users\/5"}],"replies":[{"embeddable":true,"href":"https:\/\/www.varhaug-misjonshus.no\/index.php?rest_route=%2Fwp%2Fv2%2Fcomments&post=8575"}],"version-history":[{"count":12,"href":"https:\/\/www.varhaug-misjonshus.no\/index.php?rest_route=\/wp\/v2\/pages\/8575\/revisions"}],"predecessor-version":[{"id":8898,"href":"https:\/\/www.varhaug-misjonshus.no\/index.php?rest_route=\/wp\/v2\/pages\/8575\/revisions\/8898"}],"up":[{"embeddable":true,"href":"https:\/\/www.varhaug-misjonshus.no\/index.php?rest_route=\/wp\/v2\/pages\/8888"}],"wp:attachment":[{"href":"https:\/\/www.varhaug-misjonshus.no\/index.php?rest_route=%2Fwp%2Fv2%2Fmedia&parent=8575"}],"curies":[{"name":"wp","href":"https:\/\/api.w.org\/{rel}","templated":true}]}}