{"id":9107,"date":"2021-02-11T22:13:29","date_gmt":"2021-02-11T21:13:29","guid":{"rendered":"https:\/\/www.varhaug-misjonshus.no\/?page_id=9107"},"modified":"2022-02-22T17:27:30","modified_gmt":"2022-02-22T15:27:30","slug":"bygge-planer-for-misjonshuset-2021","status":"publish","type":"page","link":"https:\/\/www.varhaug-misjonshus.no\/?page_id=9107","title":{"rendered":"bygge-planer for misjonshuset 2022"},"content":{"rendered":"<p>Husstyret ser p\u00e5 \u00f8nsket om &#8220;mingleomr\u00e5de&#8221; utafor m\u00f8tesalen. Ein tenker seg at lager og tekj\u00f8kken kan nyttast til slikt omr\u00e5de. Det vert d\u00e5 eit behov for meir lagerplass, og ei l\u00f8ysing kan vere \u00e5 bygge lager p\u00e5 utsida av kj\u00f8kkenet,- ut mot skulegata.<\/p>\n<p>Tegningene er oppdatert 22. februar 2022<\/p>\n<p><a href=\"https:\/\/www.varhaug-misjonshus.no\/filer\/220222_nye_tegninger.PDF\">Sj\u00e5 teikningane.<\/a><\/p>\n","protected":false},"excerpt":{"rendered":"<p>Husstyret ser p\u00e5 \u00f8nsket om &#8220;mingleomr\u00e5de&#8221; utafor m\u00f8tesalen. Ein tenker seg at lager og tekj\u00f8kken kan nyttast til slikt omr\u00e5de. Det vert d\u00e5 eit behov for meir lagerplass, og ei l\u00f8ysing kan vere \u00e5 bygge lager p\u00e5 utsida av kj\u00f8kkenet,- &hellip; <a href=\"https:\/\/www.varhaug-misjonshus.no\/?page_id=9107\">Les videre <span class=\"meta-nav\">&rarr;<\/span><\/a><\/p>\n","protected":false},"author":5,"featured_media":0,"parent":214,"menu_order":0,"comment_status":"closed","ping_status":"closed","template":"","meta":[],"yoast_head":"<!-- This site is optimized with the Yoast SEO plugin v20.2.1 - https:\/\/yoast.com\/wordpress\/plugins\/seo\/ -->\n<title>bygge-planer for misjonshuset 2022 - Varhaug Misjonshus<\/title>\n<meta name=\"robots\" content=\"index, follow, max-snippet:-1, max-image-preview:large, max-video-preview:-1\" \/>\n<link rel=\"canonical\" href=\"https:\/\/www.varhaug-misjonshus.no\/?page_id=9107\" \/>\n<meta property=\"og:locale\" content=\"nb_NO\" \/>\n<meta property=\"og:type\" content=\"article\" \/>\n<meta property=\"og:title\" content=\"bygge-planer for misjonshuset 2022 - Varhaug Misjonshus\" \/>\n<meta property=\"og:description\" content=\"Husstyret ser p\u00e5 \u00f8nsket om &#8220;mingleomr\u00e5de&#8221; utafor m\u00f8tesalen. Ein tenker seg at lager og tekj\u00f8kken kan nyttast til slikt omr\u00e5de. Det vert d\u00e5 eit behov for meir lagerplass, og ei l\u00f8ysing kan vere \u00e5 bygge lager p\u00e5 utsida av kj\u00f8kkenet,- &hellip; Les videre &rarr;\" \/>\n<meta property=\"og:url\" content=\"https:\/\/www.varhaug-misjonshus.no\/?page_id=9107\" \/>\n<meta property=\"og:site_name\" content=\"Varhaug Misjonshus\" \/>\n<meta property=\"article:modified_time\" content=\"2022-02-22T15:27:30+00:00\" \/>\n<meta name=\"twitter:card\" content=\"summary_large_image\" \/>\n<script type=\"application\/ld+json\" class=\"yoast-schema-graph\">{\"@context\":\"https:\/\/schema.org\",\"@graph\":[{\"@type\":\"WebPage\",\"@id\":\"https:\/\/www.varhaug-misjonshus.no\/?page_id=9107\",\"url\":\"https:\/\/www.varhaug-misjonshus.no\/?page_id=9107\",\"name\":\"bygge-planer for misjonshuset 2022 - Varhaug Misjonshus\",\"isPartOf\":{\"@id\":\"https:\/\/www.varhaug-misjonshus.no\/#website\"},\"datePublished\":\"2021-02-11T21:13:29+00:00\",\"dateModified\":\"2022-02-22T15:27:30+00:00\",\"breadcrumb\":{\"@id\":\"https:\/\/www.varhaug-misjonshus.no\/?page_id=9107#breadcrumb\"},\"inLanguage\":\"nb-NO\",\"potentialAction\":[{\"@type\":\"ReadAction\",\"target\":[\"https:\/\/www.varhaug-misjonshus.no\/?page_id=9107\"]}]},{\"@type\":\"BreadcrumbList\",\"@id\":\"https:\/\/www.varhaug-misjonshus.no\/?page_id=9107#breadcrumb\",\"itemListElement\":[{\"@type\":\"ListItem\",\"position\":1,\"name\":\"Hjem\",\"item\":\"https:\/\/www.varhaug-misjonshus.no\/\"},{\"@type\":\"ListItem\",\"position\":2,\"name\":\"Om Misjonshuset\",\"item\":\"https:\/\/www.varhaug-misjonshus.no\/?page_id=214\"},{\"@type\":\"ListItem\",\"position\":3,\"name\":\"bygge-planer for misjonshuset 2022\"}]},{\"@type\":\"WebSite\",\"@id\":\"https:\/\/www.varhaug-misjonshus.no\/#website\",\"url\":\"https:\/\/www.varhaug-misjonshus.no\/\",\"name\":\"Varhaug Misjonshus\",\"description\":\"Jesus er veien, sannheten og livet\",\"publisher\":{\"@id\":\"https:\/\/www.varhaug-misjonshus.no\/#organization\"},\"potentialAction\":[{\"@type\":\"SearchAction\",\"target\":{\"@type\":\"EntryPoint\",\"urlTemplate\":\"https:\/\/www.varhaug-misjonshus.no\/?s={search_term_string}\"},\"query-input\":\"required name=search_term_string\"}],\"inLanguage\":\"nb-NO\"},{\"@type\":\"Organization\",\"@id\":\"https:\/\/www.varhaug-misjonshus.no\/#organization\",\"name\":\"Varhaug Misjonshus\",\"url\":\"https:\/\/www.varhaug-misjonshus.no\/\",\"logo\":{\"@type\":\"ImageObject\",\"inLanguage\":\"nb-NO\",\"@id\":\"https:\/\/www.varhaug-misjonshus.no\/#\/schema\/logo\/image\/\",\"url\":\"https:\/\/www.varhaug-misjonshus.no\/wordpress\/wp-content\/uploads\/2015\/10\/altertavle-misjen-2.jpg\",\"contentUrl\":\"https:\/\/www.varhaug-misjonshus.no\/wordpress\/wp-content\/uploads\/2015\/10\/altertavle-misjen-2.jpg\",\"width\":397,\"height\":384,\"caption\":\"Varhaug Misjonshus\"},\"image\":{\"@id\":\"https:\/\/www.varhaug-misjonshus.no\/#\/schema\/logo\/image\/\"}}]}<\/script>\n<!-- \/ Yoast SEO plugin. -->","yoast_head_json":{"title":"bygge-planer for misjonshuset 2022 - Varhaug Misjonshus","robots":{"index":"index","follow":"follow","max-snippet":"max-snippet:-1","max-image-preview":"max-image-preview:large","max-video-preview":"max-video-preview:-1"},"canonical":"https:\/\/www.varhaug-misjonshus.no\/?page_id=9107","og_locale":"nb_NO","og_type":"article","og_title":"bygge-planer for misjonshuset 2022 - Varhaug Misjonshus","og_description":"Husstyret ser p\u00e5 \u00f8nsket om &#8220;mingleomr\u00e5de&#8221; utafor m\u00f8tesalen. Ein tenker seg at lager og tekj\u00f8kken kan nyttast til slikt omr\u00e5de. Det vert d\u00e5 eit behov for meir lagerplass, og ei l\u00f8ysing kan vere \u00e5 bygge lager p\u00e5 utsida av kj\u00f8kkenet,- &hellip; Les videre &rarr;","og_url":"https:\/\/www.varhaug-misjonshus.no\/?page_id=9107","og_site_name":"Varhaug Misjonshus","article_modified_time":"2022-02-22T15:27:30+00:00","twitter_card":"summary_large_image","schema":{"@context":"https:\/\/schema.org","@graph":[{"@type":"WebPage","@id":"https:\/\/www.varhaug-misjonshus.no\/?page_id=9107","url":"https:\/\/www.varhaug-misjonshus.no\/?page_id=9107","name":"bygge-planer for misjonshuset 2022 - Varhaug Misjonshus","isPartOf":{"@id":"https:\/\/www.varhaug-misjonshus.no\/#website"},"datePublished":"2021-02-11T21:13:29+00:00","dateModified":"2022-02-22T15:27:30+00:00","breadcrumb":{"@id":"https:\/\/www.varhaug-misjonshus.no\/?page_id=9107#breadcrumb"},"inLanguage":"nb-NO","potentialAction":[{"@type":"ReadAction","target":["https:\/\/www.varhaug-misjonshus.no\/?page_id=9107"]}]},{"@type":"BreadcrumbList","@id":"https:\/\/www.varhaug-misjonshus.no\/?page_id=9107#breadcrumb","itemListElement":[{"@type":"ListItem","position":1,"name":"Hjem","item":"https:\/\/www.varhaug-misjonshus.no\/"},{"@type":"ListItem","position":2,"name":"Om Misjonshuset","item":"https:\/\/www.varhaug-misjonshus.no\/?page_id=214"},{"@type":"ListItem","position":3,"name":"bygge-planer for misjonshuset 2022"}]},{"@type":"WebSite","@id":"https:\/\/www.varhaug-misjonshus.no\/#website","url":"https:\/\/www.varhaug-misjonshus.no\/","name":"Varhaug Misjonshus","description":"Jesus er veien, sannheten og livet","publisher":{"@id":"https:\/\/www.varhaug-misjonshus.no\/#organization"},"potentialAction":[{"@type":"SearchAction","target":{"@type":"EntryPoint","urlTemplate":"https:\/\/www.varhaug-misjonshus.no\/?s={search_term_string}"},"query-input":"required name=search_term_string"}],"inLanguage":"nb-NO"},{"@type":"Organization","@id":"https:\/\/www.varhaug-misjonshus.no\/#organization","name":"Varhaug Misjonshus","url":"https:\/\/www.varhaug-misjonshus.no\/","logo":{"@type":"ImageObject","inLanguage":"nb-NO","@id":"https:\/\/www.varhaug-misjonshus.no\/#\/schema\/logo\/image\/","url":"https:\/\/www.varhaug-misjonshus.no\/wordpress\/wp-content\/uploads\/2015\/10\/altertavle-misjen-2.jpg","contentUrl":"https:\/\/www.varhaug-misjonshus.no\/wordpress\/wp-content\/uploads\/2015\/10\/altertavle-misjen-2.jpg","width":397,"height":384,"caption":"Varhaug Misjonshus"},"image":{"@id":"https:\/\/www.varhaug-misjonshus.no\/#\/schema\/logo\/image\/"}}]}},"_links":{"self":[{"href":"https:\/\/www.varhaug-misjonshus.no\/index.php?rest_route=\/wp\/v2\/pages\/9107"}],"collection":[{"href":"https:\/\/www.varhaug-misjonshus.no\/index.php?rest_route=\/wp\/v2\/pages"}],"about":[{"href":"https:\/\/www.varhaug-misjonshus.no\/index.php?rest_route=\/wp\/v2\/types\/page"}],"author":[{"embeddable":true,"href":"https:\/\/www.varhaug-misjonshus.no\/index.php?rest_route=\/wp\/v2\/users\/5"}],"replies":[{"embeddable":true,"href":"https:\/\/www.varhaug-misjonshus.no\/index.php?rest_route=%2Fwp%2Fv2%2Fcomments&post=9107"}],"version-history":[{"count":4,"href":"https:\/\/www.varhaug-misjonshus.no\/index.php?rest_route=\/wp\/v2\/pages\/9107\/revisions"}],"predecessor-version":[{"id":10111,"href":"https:\/\/www.varhaug-misjonshus.no\/index.php?rest_route=\/wp\/v2\/pages\/9107\/revisions\/10111"}],"up":[{"embeddable":true,"href":"https:\/\/www.varhaug-misjonshus.no\/index.php?rest_route=\/wp\/v2\/pages\/214"}],"wp:attachment":[{"href":"https:\/\/www.varhaug-misjonshus.no\/index.php?rest_route=%2Fwp%2Fv2%2Fmedia&parent=9107"}],"curies":[{"name":"wp","href":"https:\/\/api.w.org\/{rel}","templated":true}]}}